{"id":997,"date":"2020-03-05T10:18:01","date_gmt":"2020-03-05T10:18:01","guid":{"rendered":"http:\/\/agnieszkakrawczyk.pl\/?page_id=997"},"modified":"2020-03-05T16:49:41","modified_gmt":"2020-03-05T16:49:41","slug":"szczescie-na-wyciagniecie-reki","status":"publish","type":"page","link":"http:\/\/agnieszkakrawczyk.pl\/?page_id=997","title":{"rendered":"Szcz\u0119\u015bcie na wyci\u0105gni\u0119cie r\u0119ki"},"content":{"rendered":"\n<hr class=\"wp-block-separator\"\/>\n\n\n\n<p class=\"has-text-align-center\"> Trzecia cz\u0119\u015b\u0107 sagi \u201e<a href=\"http:\/\/agnieszkakrawczyk.pl\/?page_id=937\">U\u015bmiech losu<\/a>\u201d , opisuj\u0105cej perypetie lokator\u00f3w Kamienicy pod Szcz\u0119\u015bliw\u0105 Gwiazd\u0105.  <\/p>\n\n\n\n<div class=\"wp-block-image\"><figure class=\"aligncenter size-large\"><img loading=\"lazy\" width=\"230\" height=\"342\" src=\"http:\/\/agnieszkakrawczyk.pl\/wp-content\/uploads\/2020\/03\/szczescie_na_wyciagniecie_reki.jpg\" alt=\"\" class=\"wp-image-999\" srcset=\"http:\/\/agnieszkakrawczyk.pl\/wp-content\/uploads\/2020\/03\/szczescie_na_wyciagniecie_reki.jpg 230w, http:\/\/agnieszkakrawczyk.pl\/wp-content\/uploads\/2020\/03\/szczescie_na_wyciagniecie_reki-202x300.jpg 202w\" sizes=\"(max-width: 230px) 100vw, 230px\" \/><\/figure><\/div>\n\n\n\n<p>U\u015bmiech losu to dar. Rozgl\u0105dajcie si\u0119, aby go nie przegapi\u0107.<br> Mo\u017cna pokona\u0107 z\u0142e wspomnienia i spr\u00f3bowa\u0107 wyjrze\u0107 poza mroczn\u0105 zas\u0142on\u0119 przykro\u015bci i zadr, kt\u00f3re przyni\u00f3s\u0142 nam los. Najpierw nie\u015bmia\u0142o, a potem ju\u017c z ca\u0142\u0105 moc\u0105 uwierzy\u0107, \u017ce szcz\u0119\u015bcie jest ju\u017c blisko. Da\u0107 sobie szans\u0119 i uwierzy\u0107 w ni\u0105. To jest pierwszy krok, kt\u00f3ry mo\u017ce zawie\u015b\u0107 nas w \u015bwiat, o jakim nawet nie marzyli\u015bmy.<br> Bohaterowie sagi U\u015bmiech losu powracaj\u0105 by zmierzy\u0107 si\u0119 z nowymi wyzwaniami.  Czy wreszcie uda si\u0119 im rozwi\u0105za\u0107 zagadk\u0119 tajemniczego dobroczy\u0144cy? Czy teza, \u017ce dobre uczynki wracaj\u0105 do nas po stokro\u0107 si\u0119 potwierdzi? A wreszcie czy dawne tajemnice, kt\u00f3re ujrza\u0142y \u015bwiat\u0142o dzienne, rozwi\u0105\u017c\u0105 si\u0119 szcz\u0119\u015bliwie?<br> Trzeci tom o mieszka\u0144cach Kamienicy pod Szcz\u0119\u015bliw\u0105 Gwiazd\u0105 to pi\u0119kna opowie\u015b\u0107 o sile rodziny, przyja\u017ani i mi\u0142o\u015bci. To historia o domu, do kt\u00f3rego zawsze mo\u017cna wr\u00f3ci\u0107, nawet je\u015bli droga do niego bywa kr\u0119ta i pe\u0142na tajemnic. Bo los tak naprawd\u0119 cz\u0119sto si\u0119 u\u015bmiecha, trzeba tylko ten u\u015bmiech dostrzec i na niego odpowiedzie\u0107.<\/p>\n\n\n\n<div class=\"wp-block-image\"><figure class=\"aligncenter size-large\"><img loading=\"lazy\" width=\"169\" height=\"180\" src=\"http:\/\/agnieszkakrawczyk.pl\/wp-content\/uploads\/2020\/03\/pieczatka.jpg\" alt=\"\" class=\"wp-image-946\"\/><\/figure><\/div>\n\n\n\n<hr class=\"wp-block-separator\"\/>\n\n\n\n<div class=\"wp-block-group\"><div class=\"wp-block-group__inner-container\">\n<p>Recenzje:<\/p>\n\n\n\n<ul><li><a href=\"http:\/\/ksiazkanonstop.blogspot.com\/2019\/05\/szczescie-na-wyciagniecie-reki.html\">http:\/\/ksiazkanonstop.blogspot.com\/2019\/05\/szczescie-na-wyciagniecie-reki.html<\/a><\/li><li><a rel=\"noreferrer noopener\" aria-label=\"http:\/\/www.recenzjezpazurem.pl\/2019\/05\/szczescie-na-wyciagniecie-reki.html (otwiera si\u0119 na nowej zak\u0142adce)\" href=\"http:\/\/www.recenzjezpazurem.pl\/2019\/05\/szczescie-na-wyciagniecie-reki.html\" target=\"_blank\">http:\/\/www.recenzjezpazurem.pl\/2019\/05\/szczescie-na-wyciagniecie-reki.html<\/a><\/li><li><a rel=\"noreferrer noopener\" aria-label=\"https:\/\/www.mojemaleczarowanie.pl\/2019\/05\/szczescie-na-wyciagniecie-reki-z-serii.html (otwiera si\u0119 na nowej zak\u0142adce)\" href=\"https:\/\/www.mojemaleczarowanie.pl\/2019\/05\/szczescie-na-wyciagniecie-reki-z-serii.html\" target=\"_blank\">https:\/\/www.mojemaleczarowanie.pl\/2019\/05\/szczescie-na-wyciagniecie-reki-z-serii.html<\/a><\/li><li><a href=\"http:\/\/ukatji.blogspot.com\/2019\/04\/szczescie-na-wyciagniecie-reki.html\" target=\"_blank\" rel=\"noreferrer noopener\" aria-label=\"http:\/\/ukatji.blogspot.com\/2019\/04\/szczescie-na-wyciagniecie-reki.html (otwiera si\u0119 na nowej zak\u0142adce)\">http:\/\/ukatji.blogspot.com\/2019\/04\/szczescie-na-wyciagniecie-reki.html<\/a><\/li><\/ul>\n<\/div><\/div>\n\n\n\n<hr class=\"wp-block-separator\"\/>\n\n\n<p><script type=\"text\/javascript\" src=\"https:\/\/buybox.click\/js\/bb-widget.min.js\" async=\"\"><\/script><\/p>\n<div class=\"bb-widget\" id=\"buybox-qbtf\" data-bb-id=\"9776\" data-bb-oid=\"67689441\" ><\/div>\n\n\n\n<p> Audiobook dost\u0119pny r\u00f3wnie\u017c online w serwisach <a rel=\"noreferrer noopener\" href=\"http:\/\/www.storytel.pl\" target=\"_blank\">Storytel<\/a> i <a rel=\"noreferrer noopener\" href=\"http:\/\/www.audioteka.com\" target=\"_blank\">Audioteka<\/a>. <\/p>\n\n\n\n<p>Ksi\u0105\u017cka opr\u00f3cz zwyk\u0142ego wydania jest dost\u0119pna r\u00f3wnie\u017c w formacie \nWielkie Litery (ze specjaln\u0105 czcionk\u0105, sk\u0142adem i kontrastem, kt\u00f3re \nu\u0142atwiaj\u0105 czytanie m.in. osobom s\u0142abowidz\u0105cym oraz seniorom), oraz w \nformacie kieszonkowym.<\/p>\n\n\n\n<hr class=\"wp-block-separator\"\/>\n","protected":false},"excerpt":{"rendered":"<p>Trzecia cz\u0119\u015b\u0107 sagi \u201eU\u015bmiech losu\u201d , opisuj\u0105cej perypetie lokator\u00f3w Kamienicy pod Szcz\u0119\u015bliw\u0105 Gwiazd\u0105. U\u015bmiech losu to dar. Rozgl\u0105dajcie si\u0119, aby go nie przegapi\u0107. Mo\u017cna pokona\u0107 z\u0142e wspomnienia i spr\u00f3bowa\u0107 wyjrze\u0107 poza mroczn\u0105 zas\u0142on\u0119 przykro\u015bci i zadr, kt\u00f3re przyni\u00f3s\u0142 nam los. Najpierw nie\u015bmia\u0142o, a potem ju\u017c z ca\u0142\u0105 moc\u0105 uwierzy\u0107, \u017ce szcz\u0119\u015bcie jest ju\u017c blisko. Da\u0107 sobie szans\u0119 i uwierzy\u0107 w&hellip;<\/p>\n","protected":false},"author":1,"featured_media":0,"parent":0,"menu_order":0,"comment_status":"open","ping_status":"closed","template":"","meta":[],"_links":{"self":[{"href":"http:\/\/agnieszkakrawczyk.pl\/index.php?rest_route=\/wp\/v2\/pages\/997"}],"collection":[{"href":"http:\/\/agnieszkakrawczyk.pl\/index.php?rest_route=\/wp\/v2\/pages"}],"about":[{"href":"http:\/\/agnieszkakrawczyk.pl\/index.php?rest_route=\/wp\/v2\/types\/page"}],"author":[{"embeddable":true,"href":"http:\/\/agnieszkakrawczyk.pl\/index.php?rest_route=\/wp\/v2\/users\/1"}],"replies":[{"embeddable":true,"href":"http:\/\/agnieszkakrawczyk.pl\/index.php?rest_route=%2Fwp%2Fv2%2Fcomments&post=997"}],"version-history":[{"count":3,"href":"http:\/\/agnieszkakrawczyk.pl\/index.php?rest_route=\/wp\/v2\/pages\/997\/revisions"}],"predecessor-version":[{"id":1013,"href":"http:\/\/agnieszkakrawczyk.pl\/index.php?rest_route=\/wp\/v2\/pages\/997\/revisions\/1013"}],"wp:attachment":[{"href":"http:\/\/agnieszkakrawczyk.pl\/index.php?rest_route=%2Fwp%2Fv2%2Fmedia&parent=997"}],"curies":[{"name":"wp","href":"https:\/\/api.w.org\/{rel}","templated":true}]}}