{"id":991,"date":"2020-03-05T10:09:47","date_gmt":"2020-03-05T10:09:47","guid":{"rendered":"http:\/\/agnieszkakrawczyk.pl\/?page_id=991"},"modified":"2022-04-06T09:49:40","modified_gmt":"2022-04-06T09:49:40","slug":"dobre-uczynki","status":"publish","type":"page","link":"http:\/\/agnieszkakrawczyk.pl\/?page_id=991","title":{"rendered":"Dobre uczynki"},"content":{"rendered":"\n<hr class=\"wp-block-separator\"\/>\n\n\n\n<p class=\"has-text-align-center\"> Druga cz\u0119\u015b\u0107 sagi \u201e<a href=\"http:\/\/agnieszkakrawczyk.pl\/?page_id=937\">U\u015bmiech losu<\/a>\u201d , opisuj\u0105cej perypetie lokator\u00f3w Kamienicy pod Szcz\u0119\u015bliw\u0105 Gwiazd\u0105.  <\/p>\n\n\n\n<div class=\"wp-block-image\"><figure class=\"aligncenter size-large\"><img loading=\"lazy\" width=\"230\" height=\"342\" src=\"http:\/\/agnieszkakrawczyk.pl\/wp-content\/uploads\/2020\/03\/dobre_uczynki.jpg\" alt=\"\" class=\"wp-image-994\" srcset=\"http:\/\/agnieszkakrawczyk.pl\/wp-content\/uploads\/2020\/03\/dobre_uczynki.jpg 230w, http:\/\/agnieszkakrawczyk.pl\/wp-content\/uploads\/2020\/03\/dobre_uczynki-202x300.jpg 202w\" sizes=\"(max-width: 230px) 100vw, 230px\" \/><\/figure><\/div>\n\n\n\n<p>Podobno dobre uczynki wracaj\u0105 do nas po stokro\u0107.  Dlaczego wi\u0119c tak bardzo o nie trudno? Zw\u0142aszcza, gdy uwag\u0119 zaprz\u0105taj\u0105 w\u0142asne sprawy: zdrowie, rodzina, praca czy mi\u0142o\u015b\u0107. Nawet mieszka\u0144cy Kamienicy pod Szcz\u0119\u015bliw\u0105 Gwiazd\u0105 musz\u0105 si\u0119 zmierzy\u0107 z nowymi wyzwaniami. Dla Heleny nie jest to \u0142atwy rok: boryka si\u0119 z problemami zdrowotnymi, k\u0142opotami z mydlarni\u0105 i sytuacj\u0105 rodzinn\u0105. Na jaw wychodzi szokuj\u0105ca tajemnica, kt\u00f3ra ju\u017c na zawsze odmieni los bohaterki. <\/p>\n\n\n\n<p>Zbli\u017ca si\u0119 moment pr\u00f3by dla wszystkich lokator\u00f3w \u2013 czy wyjd\u0105 z niego zwyci\u0119sko? Na pewno odkryj\u0105 prawd\u0119 o sobie, kt\u00f3rej wcze\u015bniej nawet si\u0119 nie spodziewali.<\/p>\n\n\n\n<div class=\"wp-block-image\"><figure class=\"aligncenter size-large\"><img loading=\"lazy\" width=\"169\" height=\"180\" src=\"http:\/\/agnieszkakrawczyk.pl\/wp-content\/uploads\/2020\/03\/pieczatka.jpg\" alt=\"\" class=\"wp-image-946\"\/><\/figure><\/div>\n\n\n\n<hr class=\"wp-block-separator\"\/>\n\n\n\n<div class=\"wp-block-group\"><div class=\"wp-block-group__inner-container\">\n<p>Recenzje:<\/p>\n\n\n\n<ul><li><a rel=\"noreferrer noopener\" aria-label=\" (otwiera si\u0119 na nowej zak\u0142adce)\" href=\"http:\/\/www.recenzjezpazurem.pl\/2018\/12\/dobre-uczynki-agnieszka-krawczyk.html\" target=\"_blank\">http:\/\/www.recenzjezpazurem.pl\/2018\/12\/dobre-uczynki-agnieszka-krawczyk.html<\/a><\/li><li><a href=\"http:\/\/ukatji.blogspot.com\/2018\/10\/dobre-uczynki-agnieszka-krawczyk.html\">http:\/\/ukatji.blogspot.com\/2018\/10\/dobre-uczynki-agnieszka-krawczyk.html<\/a><\/li><li><a href=\"http:\/\/audycjaoksiazkach.pl\/ksiazka\/1297\/agnieszka-krawczyk-usmiech-losu-dobre-uczynki-recenzja.html\" target=\"_blank\" rel=\"noreferrer noopener\" aria-label=\"http:\/\/audycjaoksiazkach.pl\/ksiazka\/1297\/agnieszka-krawczyk-usmiech-losu-dobre-uczynki-recenzja.html (otwiera si\u0119 na nowej zak\u0142adce)\">http:\/\/audycjaoksiazkach.pl\/ksiazka\/1297\/agnieszka-krawczyk-usmiech-losu-dobre-uczynki-recenzja.html<\/a><\/li><li><a href=\"https:\/\/nieprzeszkadzajterazczytam.blogspot.com\/2018\/11\/dobre-uczynki-agnieszka-krawczyk.html\">https:\/\/nieprzeszkadzajterazczytam.blogspot.com\/2018\/11\/dobre-uczynki-agnieszka-krawczyk.html<\/a><\/li><\/ul>\n<\/div><\/div>\n\n\n\n<hr class=\"wp-block-separator\"\/>\n\n\n<p><script type=\"text\/javascript\" src=\"https:\/\/buybox.click\/js\/bb-widget.min.js\" async=\"\"><\/script><\/p>\n<div class=\"bb-widget\" id=\"buybox-hxiz\" data-bb-id=\"9776\" data-bb-oid=\"48511329\"><\/div>\n\n\n\n<p> Audiobook dost\u0119pny r\u00f3wnie\u017c online w serwisach <a rel=\"noreferrer noopener\" href=\"http:\/\/www.storytel.pl\" target=\"_blank\">Storytel<\/a> i <a rel=\"noreferrer noopener\" href=\"http:\/\/www.audioteka.com\" target=\"_blank\">Audioteka<\/a>. <\/p>\n\n\n\n<p>Ksi\u0105\u017cka opr\u00f3cz zwyk\u0142ego wydania jest dost\u0119pna r\u00f3wnie\u017c w formacie \nWielkie Litery (ze specjaln\u0105 czcionk\u0105, sk\u0142adem i kontrastem, kt\u00f3re \nu\u0142atwiaj\u0105 czytanie m.in. osobom s\u0142abowidz\u0105cym oraz seniorom), oraz w \nformacie kieszonkowym.<\/p>\n\n\n\n<hr class=\"wp-block-separator\"\/>\n","protected":false},"excerpt":{"rendered":"<p>Druga cz\u0119\u015b\u0107 sagi \u201eU\u015bmiech losu\u201d , opisuj\u0105cej perypetie lokator\u00f3w Kamienicy pod Szcz\u0119\u015bliw\u0105 Gwiazd\u0105. Podobno dobre uczynki wracaj\u0105 do nas po stokro\u0107. Dlaczego wi\u0119c tak bardzo o nie trudno? Zw\u0142aszcza, gdy uwag\u0119 zaprz\u0105taj\u0105 w\u0142asne sprawy: zdrowie, rodzina, praca czy mi\u0142o\u015b\u0107. Nawet mieszka\u0144cy Kamienicy pod Szcz\u0119\u015bliw\u0105 Gwiazd\u0105 musz\u0105 si\u0119 zmierzy\u0107 z nowymi wyzwaniami. Dla Heleny nie jest to \u0142atwy rok: boryka si\u0119&hellip;<\/p>\n","protected":false},"author":1,"featured_media":0,"parent":0,"menu_order":0,"comment_status":"open","ping_status":"closed","template":"","meta":[],"_links":{"self":[{"href":"http:\/\/agnieszkakrawczyk.pl\/index.php?rest_route=\/wp\/v2\/pages\/991"}],"collection":[{"href":"http:\/\/agnieszkakrawczyk.pl\/index.php?rest_route=\/wp\/v2\/pages"}],"about":[{"href":"http:\/\/agnieszkakrawczyk.pl\/index.php?rest_route=\/wp\/v2\/types\/page"}],"author":[{"embeddable":true,"href":"http:\/\/agnieszkakrawczyk.pl\/index.php?rest_route=\/wp\/v2\/users\/1"}],"replies":[{"embeddable":true,"href":"http:\/\/agnieszkakrawczyk.pl\/index.php?rest_route=%2Fwp%2Fv2%2Fcomments&post=991"}],"version-history":[{"count":5,"href":"http:\/\/agnieszkakrawczyk.pl\/index.php?rest_route=\/wp\/v2\/pages\/991\/revisions"}],"predecessor-version":[{"id":1115,"href":"http:\/\/agnieszkakrawczyk.pl\/index.php?rest_route=\/wp\/v2\/pages\/991\/revisions\/1115"}],"wp:attachment":[{"href":"http:\/\/agnieszkakrawczyk.pl\/index.php?rest_route=%2Fwp%2Fv2%2Fmedia&parent=991"}],"curies":[{"name":"wp","href":"https:\/\/api.w.org\/{rel}","templated":true}]}}