{"id":937,"date":"2020-03-05T10:00:02","date_gmt":"2020-03-05T10:00:02","guid":{"rendered":"http:\/\/agnieszkakrawczyk.pl\/?page_id=937"},"modified":"2020-03-05T16:48:11","modified_gmt":"2020-03-05T16:48:11","slug":"saga-usmiech-losu","status":"publish","type":"page","link":"http:\/\/agnieszkakrawczyk.pl\/?page_id=937","title":{"rendered":"Saga U\u015bmiech losu"},"content":{"rendered":"\n<hr class=\"wp-block-separator\"\/>\n\n\n\n<p class=\"has-text-align-center\">Trzycz\u0119\u015bciowa saga o \u017cyciu lokator\u00f3w kamienicy na krakowskich D\u0119bnikach<\/p>\n\n\n\n<div class=\"wp-block-image\"><figure class=\"aligncenter size-large\"><img loading=\"lazy\" width=\"230\" height=\"342\" src=\"http:\/\/agnieszkakrawczyk.pl\/wp-content\/uploads\/2020\/03\/usmiech_losu_pakiet.jpg\" alt=\"\" class=\"wp-image-939\" srcset=\"http:\/\/agnieszkakrawczyk.pl\/wp-content\/uploads\/2020\/03\/usmiech_losu_pakiet.jpg 230w, http:\/\/agnieszkakrawczyk.pl\/wp-content\/uploads\/2020\/03\/usmiech_losu_pakiet-202x300.jpg 202w\" sizes=\"(max-width: 230px) 100vw, 230px\" \/><\/figure><\/div>\n\n\n\n<p> Podobno dobre uczynki wracaj\u0105 do nas po stokro\u0107.<br><br> Bestsellerowa seria U\u015bmiech losu: <em><a href=\"http:\/\/agnieszkakrawczyk.pl\/?page_id=729\">Kamienica pod Szcz\u0119\u015bliw\u0105 Gwiazd\u0105<\/a>, <a href=\"http:\/\/agnieszkakrawczyk.pl\/?page_id=991\">Dobre uczynki<\/a><\/em>, <em><a href=\"http:\/\/agnieszkakrawczyk.pl\/?page_id=997\">Szcz\u0119\u015bcie na wyci\u0105gni\u0119cie r\u0119ki<\/a><\/em><br><br> &#8222;U\u015bmiech losu&#8221; to pi\u0119kna i ciep\u0142a opowie\u015b\u0107 o domu, kt\u00f3ry daje poczucie  bezpiecze\u0144stwa i sprawia, \u017ce nie czujemy si\u0119 samotni. To r\u00f3wnie\u017c  historia przyja\u017ani na dobre i z\u0142e oraz mi\u0142o\u015bci przychodz\u0105cej w  najbardziej niespodziewanych momentach. Poddajcie si\u0119 urokowi tej  klimatycznej opowie\u015bci o sile uczu\u0107 i potrzebie bycia razem, by wraz z  bohaterami uwierzy\u0107, \u017ce u\u015bmiech losu zale\u017cy w du\u017cej mierze od nas. <\/p>\n\n\n\n<div class=\"wp-block-image\"><figure class=\"aligncenter size-large\"><img loading=\"lazy\" width=\"169\" height=\"180\" src=\"http:\/\/agnieszkakrawczyk.pl\/wp-content\/uploads\/2020\/03\/pieczatka.jpg\" alt=\"\" class=\"wp-image-946\"\/><\/figure><\/div>\n\n\n\n<hr class=\"wp-block-separator\"\/>\n\n\n\n<p>Do kupienia r\u00f3wnie\u017c w pakiecie &#8211; szczeg\u00f3\u0142y poni\u017cej.<\/p>\n\n\n<p><script type=\"text\/javascript\" src=\"https:\/\/buybox.click\/js\/bb-widget.min.js\" async=\"\"><\/script><\/p>\n<div class=\"bb-widget\" id=\"buybox-xf3q\" data-bb-id=\"9776\" data-bb-oid=\"24674076\" ><\/div>\n\n\n\n<hr class=\"wp-block-separator\"\/>\n","protected":false},"excerpt":{"rendered":"<p>Trzycz\u0119\u015bciowa saga o \u017cyciu lokator\u00f3w kamienicy na krakowskich D\u0119bnikach Podobno dobre uczynki wracaj\u0105 do nas po stokro\u0107. Bestsellerowa seria U\u015bmiech losu: Kamienica pod Szcz\u0119\u015bliw\u0105 Gwiazd\u0105, Dobre uczynki, Szcz\u0119\u015bcie na wyci\u0105gni\u0119cie r\u0119ki &#8222;U\u015bmiech losu&#8221; to pi\u0119kna i ciep\u0142a opowie\u015b\u0107 o domu, kt\u00f3ry daje poczucie bezpiecze\u0144stwa i sprawia, \u017ce nie czujemy si\u0119 samotni. To r\u00f3wnie\u017c historia przyja\u017ani na dobre i z\u0142e oraz&hellip;<\/p>\n","protected":false},"author":1,"featured_media":0,"parent":0,"menu_order":0,"comment_status":"open","ping_status":"closed","template":"","meta":[],"_links":{"self":[{"href":"http:\/\/agnieszkakrawczyk.pl\/index.php?rest_route=\/wp\/v2\/pages\/937"}],"collection":[{"href":"http:\/\/agnieszkakrawczyk.pl\/index.php?rest_route=\/wp\/v2\/pages"}],"about":[{"href":"http:\/\/agnieszkakrawczyk.pl\/index.php?rest_route=\/wp\/v2\/types\/page"}],"author":[{"embeddable":true,"href":"http:\/\/agnieszkakrawczyk.pl\/index.php?rest_route=\/wp\/v2\/users\/1"}],"replies":[{"embeddable":true,"href":"http:\/\/agnieszkakrawczyk.pl\/index.php?rest_route=%2Fwp%2Fv2%2Fcomments&post=937"}],"version-history":[{"count":6,"href":"http:\/\/agnieszkakrawczyk.pl\/index.php?rest_route=\/wp\/v2\/pages\/937\/revisions"}],"predecessor-version":[{"id":1012,"href":"http:\/\/agnieszkakrawczyk.pl\/index.php?rest_route=\/wp\/v2\/pages\/937\/revisions\/1012"}],"wp:attachment":[{"href":"http:\/\/agnieszkakrawczyk.pl\/index.php?rest_route=%2Fwp%2Fv2%2Fmedia&parent=937"}],"curies":[{"name":"wp","href":"https:\/\/api.w.org\/{rel}","templated":true}]}}