{"id":898,"date":"2020-03-01T14:01:59","date_gmt":"2020-03-01T14:01:59","guid":{"rendered":"http:\/\/agnieszkakrawczyk.pl\/?page_id=898"},"modified":"2020-03-01T14:07:13","modified_gmt":"2020-03-01T14:07:13","slug":"saga-czary-codziennosci","status":"publish","type":"page","link":"http:\/\/agnieszkakrawczyk.pl\/?page_id=898","title":{"rendered":"Saga Czary codzienno\u015bci"},"content":{"rendered":"\n<hr class=\"wp-block-separator\"\/>\n\n\n\n<p class=\"has-text-align-center\">Pi\u0119kna saga o ma\u0142ym g\u00f3rskim miasteczku, jego mieszka\u0144cach i marzeniach<\/p>\n\n\n\n<div class=\"wp-block-image\"><figure class=\"aligncenter size-large\"><img loading=\"lazy\" width=\"230\" height=\"342\" src=\"http:\/\/agnieszkakrawczyk.pl\/wp-content\/uploads\/2020\/03\/Czary-codzienno\u015bci-pakiet.jpg\" alt=\"\" class=\"wp-image-900\" srcset=\"http:\/\/agnieszkakrawczyk.pl\/wp-content\/uploads\/2020\/03\/Czary-codzienno\u015bci-pakiet.jpg 230w, http:\/\/agnieszkakrawczyk.pl\/wp-content\/uploads\/2020\/03\/Czary-codzienno\u015bci-pakiet-202x300.jpg 202w\" sizes=\"(max-width: 230px) 100vw, 230px\" \/><\/figure><\/div>\n\n\n\n<hr class=\"wp-block-separator\"\/>\n\n\n\n<p> Niech uwiod\u0105 was czary codzienno\u015bci zakl\u0119te w magii g\u00f3rskiego miasteczka, po\u0142o\u017conego w\u015br\u00f3d las\u00f3w i pachn\u0105cych kwiatami \u0142\u0105k. <br>  Pi\u0119kna, czterotomowa saga o ma\u0142ym, g\u00f3rskim miasteczku, jego mieszka\u0144cach i marzeniach, kt\u00f3re, je\u015bli bardzo tego chcemy, mog\u0105 si\u0119 spe\u0142ni\u0107.  Trzy tomy: &#8222;<a href=\"http:\/\/agnieszkakrawczyk.pl\/?page_id=260\">Siostry<\/a>&#8221; , &#8222;<a href=\"http:\/\/agnieszkakrawczyk.pl\/?page_id=505\">Przyjaciele i rywale<\/a>&#8221; i &#8222;<a href=\"http:\/\/agnieszkakrawczyk.pl\/?page_id=506\">S\u0142oneczna przysta\u0144<\/a>&#8221; oraz dodatkowy, \u015bwi\u0105teczny tom &#8222;<a href=\"http:\/\/agnieszkakrawczyk.pl\/?page_id=807\">Magiczny wiecz\u00f3r<\/a>&#8221; . Pierwsze trzy tomy do kupienia r\u00f3wnie\u017c w pakiecie &#8211; szczeg\u00f3\u0142y poni\u017cej<\/p>\n\n\n\n<hr class=\"wp-block-separator\"\/>\n\n\n<p><script type=\"text\/javascript\" src=\"https:\/\/buybox.click\/js\/bb-widget.min.js\" async=\"\"><\/script><\/p>\n<div class=\"bb-widget\" id=\"buybox-3c9a\" data-bb-id=\"9776\" data-bb-oid=\"24674076\"><\/div>\n\n\n\n<p><\/p>\n","protected":false},"excerpt":{"rendered":"<p>Pi\u0119kna saga o ma\u0142ym g\u00f3rskim miasteczku, jego mieszka\u0144cach i marzeniach Niech uwiod\u0105 was czary codzienno\u015bci zakl\u0119te w magii g\u00f3rskiego miasteczka, po\u0142o\u017conego w\u015br\u00f3d las\u00f3w i pachn\u0105cych kwiatami \u0142\u0105k. Pi\u0119kna, czterotomowa saga o ma\u0142ym, g\u00f3rskim miasteczku, jego mieszka\u0144cach i marzeniach, kt\u00f3re, je\u015bli bardzo tego chcemy, mog\u0105 si\u0119 spe\u0142ni\u0107. Trzy tomy: &#8222;Siostry&#8221; , &#8222;Przyjaciele i rywale&#8221; i &#8222;S\u0142oneczna przysta\u0144&#8221; oraz dodatkowy, \u015bwi\u0105teczny tom&hellip;<\/p>\n","protected":false},"author":1,"featured_media":0,"parent":0,"menu_order":0,"comment_status":"open","ping_status":"closed","template":"","meta":[],"_links":{"self":[{"href":"http:\/\/agnieszkakrawczyk.pl\/index.php?rest_route=\/wp\/v2\/pages\/898"}],"collection":[{"href":"http:\/\/agnieszkakrawczyk.pl\/index.php?rest_route=\/wp\/v2\/pages"}],"about":[{"href":"http:\/\/agnieszkakrawczyk.pl\/index.php?rest_route=\/wp\/v2\/types\/page"}],"author":[{"embeddable":true,"href":"http:\/\/agnieszkakrawczyk.pl\/index.php?rest_route=\/wp\/v2\/users\/1"}],"replies":[{"embeddable":true,"href":"http:\/\/agnieszkakrawczyk.pl\/index.php?rest_route=%2Fwp%2Fv2%2Fcomments&post=898"}],"version-history":[{"count":10,"href":"http:\/\/agnieszkakrawczyk.pl\/index.php?rest_route=\/wp\/v2\/pages\/898\/revisions"}],"predecessor-version":[{"id":912,"href":"http:\/\/agnieszkakrawczyk.pl\/index.php?rest_route=\/wp\/v2\/pages\/898\/revisions\/912"}],"wp:attachment":[{"href":"http:\/\/agnieszkakrawczyk.pl\/index.php?rest_route=%2Fwp%2Fv2%2Fmedia&parent=898"}],"curies":[{"name":"wp","href":"https:\/\/api.w.org\/{rel}","templated":true}]}}