{"id":807,"date":"2020-03-01T11:35:25","date_gmt":"2020-03-01T11:35:25","guid":{"rendered":"http:\/\/agnieszkakrawczyk.pl\/?page_id=807"},"modified":"2020-05-26T12:20:47","modified_gmt":"2020-05-26T12:20:47","slug":"magiczny-wieczor","status":"publish","type":"page","link":"http:\/\/agnieszkakrawczyk.pl\/?page_id=807","title":{"rendered":"Magiczny wiecz\u00f3r"},"content":{"rendered":"\n<hr class=\"wp-block-separator\"\/>\n\n\n\n<p class=\"has-text-align-center\"> \u015awi\u0105teczna kontynuacja bestsellerowej serii \u201e<a href=\"http:\/\/agnieszkakrawczyk.pl\/?page_id=898\">Czary Codzienno\u015bci<\/a>\u201d <\/p>\n\n\n\n<div class=\"wp-block-image\"><figure class=\"aligncenter size-large\"><img loading=\"lazy\" width=\"230\" height=\"342\" src=\"http:\/\/agnieszkakrawczyk.pl\/wp-content\/uploads\/2020\/02\/Magiczny-wiecz\u00f3r.jpg\" alt=\"\" class=\"wp-image-808\" srcset=\"http:\/\/agnieszkakrawczyk.pl\/wp-content\/uploads\/2020\/02\/Magiczny-wiecz\u00f3r.jpg 230w, http:\/\/agnieszkakrawczyk.pl\/wp-content\/uploads\/2020\/02\/Magiczny-wiecz\u00f3r-202x300.jpg 202w\" sizes=\"(max-width: 230px) 100vw, 230px\" \/><\/figure><\/div>\n\n\n\n<p class=\"has-text-align-left\"> \u015awi\u0119ta Bo\u017cego Narodzenia zbli\u017caj\u0105 si\u0119 wielkimi krokami. W ma\u0142ym miasteczku, Zmys\u0142owie, trwaj\u0105 gor\u0105czkowe przygotowania. Pr\u00f3cz tradycyjnej \u015bwi\u0105tecznej krz\u0105taniny, Daniela, jedna z trzech si\u00f3str Niemirskich, przygotowuje si\u0119 do \u015blubu. Czy mo\u017cna sobie wyobrazi\u0107 pi\u0119kniejsz\u0105 sceneri\u0119 dla tej wyj\u0105tkowej chwili? Miasteczko, le\u017c\u0105ce w bajkowej dolinie, przytulone do strzeg\u0105cych go strzelistych sosen, kt\u00f3rych ga\u0142\u0119zie uginaj\u0105 si\u0119 pod upadaj\u0105cymi p\u0142atkami \u015bniegu? Nadchodzi magiczny wiecz\u00f3r, kt\u00f3ry przyniesie ukojenie wszystkim targanym w\u0105tpliwo\u015bciami, a w niekt\u00f3re sko\u0142atane serca wleje spok\u00f3j i pewno\u015b\u0107, \u017ce nigdy nie jest za p\u00f3\u017ano, by zawalczy\u0107 o szcz\u0119\u015bcie.<br> Bo wszystko mo\u017ce si\u0119 zdarzy\u0107, s\u0105 takie chwile, gdy \u017cycie przypomina ba\u015b\u0144, a szcz\u0119\u015bliwe zako\u0144czenie mo\u015bci si\u0119 w niej, niczym mrucz\u0105cy kot w przytulnej kuchni\u2026  Zapraszamy do zimowego Zmys\u0142owa! Mo\u017cecie jeszcze raz spotka\u0107 si\u0119 z ukochanymi bohaterami sagi \u201e<a href=\"http:\/\/agnieszkakrawczyk.pl\/?page_id=898\">Czary Codzienno\u015bci<\/a>\u201d<br> Sp\u0119d\u017acie z nimi magiczny, \u015bwi\u0105teczny wiecz\u00f3r, sprawcie by te \u015bwi\u0119ta sta\u0142y si\u0119 naprawd\u0119 wyj\u0105tkowe\u2026.<\/p>\n\n\n\n<div class=\"wp-block-group\"><div class=\"wp-block-group__inner-container\">\n<div class=\"wp-block-image\"><figure class=\"aligncenter size-large\"><img loading=\"lazy\" width=\"169\" height=\"180\" src=\"http:\/\/agnieszkakrawczyk.pl\/wp-content\/uploads\/2020\/03\/pieczatka.jpg\" alt=\"\" class=\"wp-image-946\"\/><\/figure><\/div>\n\n\n\n<hr class=\"wp-block-separator\"\/>\n\n\n\n<p>Recenzje:<\/p>\n\n\n\n<ul><li><a rel=\"noreferrer noopener\" aria-label=\" (otwiera si\u0119 na nowej zak\u0142adce)\" href=\"https:\/\/przeczytajka.blogspot.com\/2018\/01\/magiczny-wieczor-agnieszki-krawczyk.html\" target=\"_blank\">https:\/\/przeczytajka.blogspot.com\/2018\/01\/magiczny-wieczor-agnieszki-krawczyk.html<\/a><\/li><li><a rel=\"noreferrer noopener\" aria-label=\" (otwiera si\u0119 na nowej zak\u0142adce)\" href=\"https:\/\/katarzynastec.wordpress.com\/2017\/12\/13\/magiczny-wieczor-agnieszka-krawczyk-recenzja\/\" target=\"_blank\">https:\/\/katarzynastec.wordpress.com\/2017\/12\/13\/magiczny-wieczor-agnieszka-krawczyk-recenzja\/<\/a><\/li><li><a href=\"http:\/\/czytelnicza-dusza.blogspot.com\/2017\/12\/agnieszka-krawczyk-magiczny-wieczor.html\" target=\"_blank\" rel=\"noreferrer noopener\" aria-label=\"http:\/\/czytelnicza-dusza.blogspot.com\/2017\/12\/agnieszka-krawczyk-magiczny-wieczor.html (otwiera si\u0119 na nowej zak\u0142adce)\">http:\/\/czytelnicza-dusza.blogspot.com\/2017\/12\/agnieszka-krawczyk-magiczny-wieczor.html<\/a><\/li><\/ul>\n<\/div><\/div>\n\n\n\n<div class=\"wp-block-group\"><div class=\"wp-block-group__inner-container\">\n<hr class=\"wp-block-separator\"\/>\n<\/div><\/div>\n\n\n<p><script type=\"text\/javascript\" src=\"https:\/\/buybox.click\/js\/bb-widget.min.js\" async=\"\"><\/script><\/p>\n<div class=\"bb-widget\" id=\"buybox-76v3\" data-bb-id=\"9776\" data-bb-oid=\"23642818\" ><\/div>\n","protected":false},"excerpt":{"rendered":"<p>\u015awi\u0105teczna kontynuacja bestsellerowej serii \u201eCzary Codzienno\u015bci\u201d \u015awi\u0119ta Bo\u017cego Narodzenia zbli\u017caj\u0105 si\u0119 wielkimi krokami. W ma\u0142ym miasteczku, Zmys\u0142owie, trwaj\u0105 gor\u0105czkowe przygotowania. Pr\u00f3cz tradycyjnej \u015bwi\u0105tecznej krz\u0105taniny, Daniela, jedna z trzech si\u00f3str Niemirskich, przygotowuje si\u0119 do \u015blubu. Czy mo\u017cna sobie wyobrazi\u0107 pi\u0119kniejsz\u0105 sceneri\u0119 dla tej wyj\u0105tkowej chwili? Miasteczko, le\u017c\u0105ce w bajkowej dolinie, przytulone do strzeg\u0105cych go strzelistych sosen, kt\u00f3rych ga\u0142\u0119zie uginaj\u0105 si\u0119 pod&hellip;<\/p>\n","protected":false},"author":1,"featured_media":0,"parent":0,"menu_order":0,"comment_status":"open","ping_status":"closed","template":"","meta":[],"_links":{"self":[{"href":"http:\/\/agnieszkakrawczyk.pl\/index.php?rest_route=\/wp\/v2\/pages\/807"}],"collection":[{"href":"http:\/\/agnieszkakrawczyk.pl\/index.php?rest_route=\/wp\/v2\/pages"}],"about":[{"href":"http:\/\/agnieszkakrawczyk.pl\/index.php?rest_route=\/wp\/v2\/types\/page"}],"author":[{"embeddable":true,"href":"http:\/\/agnieszkakrawczyk.pl\/index.php?rest_route=\/wp\/v2\/users\/1"}],"replies":[{"embeddable":true,"href":"http:\/\/agnieszkakrawczyk.pl\/index.php?rest_route=%2Fwp%2Fv2%2Fcomments&post=807"}],"version-history":[{"count":22,"href":"http:\/\/agnieszkakrawczyk.pl\/index.php?rest_route=\/wp\/v2\/pages\/807\/revisions"}],"predecessor-version":[{"id":1043,"href":"http:\/\/agnieszkakrawczyk.pl\/index.php?rest_route=\/wp\/v2\/pages\/807\/revisions\/1043"}],"wp:attachment":[{"href":"http:\/\/agnieszkakrawczyk.pl\/index.php?rest_route=%2Fwp%2Fv2%2Fmedia&parent=807"}],"curies":[{"name":"wp","href":"https:\/\/api.w.org\/{rel}","templated":true}]}}