{"id":726,"date":"2018-03-25T20:17:58","date_gmt":"2018-03-25T20:17:58","guid":{"rendered":"http:\/\/agnieszkakrawczyk.pl\/?page_id=726"},"modified":"2020-05-26T12:17:17","modified_gmt":"2020-05-26T12:17:17","slug":"tylko-dobre-wiadomosci","status":"publish","type":"page","link":"http:\/\/agnieszkakrawczyk.pl\/?page_id=726","title":{"rendered":"Tylko dobre wiadomo\u015bci"},"content":{"rendered":"\n<hr class=\"wp-block-separator\"\/>\n\n\n\n<p class=\"has-text-align-center\">Wszyscy kochamy powie\u015bci o mi\u0142o\u015bci&#8230;<\/p>\n\n\n\n<div class=\"wp-block-image\"><figure class=\"aligncenter size-large\"><img loading=\"lazy\" width=\"230\" height=\"342\" src=\"http:\/\/agnieszkakrawczyk.pl\/wp-content\/uploads\/2017\/12\/250_de51321fd0c126d07c5a1fbf8a6c9144_b.jpg\" alt=\"\" class=\"wp-image-694\" srcset=\"http:\/\/agnieszkakrawczyk.pl\/wp-content\/uploads\/2017\/12\/250_de51321fd0c126d07c5a1fbf8a6c9144_b.jpg 230w, http:\/\/agnieszkakrawczyk.pl\/wp-content\/uploads\/2017\/12\/250_de51321fd0c126d07c5a1fbf8a6c9144_b-202x300.jpg 202w\" sizes=\"(max-width: 230px) 100vw, 230px\" \/><\/figure><\/div>\n\n\n\n<p>Dziennikarka Izabela Oster z dnia na dzie\u0144 rzuca prac\u0119 w telewizji. Nie wszystko jednak toczy si\u0119 po jej my\u015bli. Nowe oferty pracy nie sp\u0142ywaj\u0105, a pracodawcy nie pukaj\u0105 do jej drzwi. Na szcz\u0119\u015bcie przyjaci\u00f3\u0142ka, Kamila Rudnicka-Clement, sk\u0142ada jej propozycj\u0119 nie do odrzucenia.<br>Kobieta odziedziczy\u0142a bowiem podupadaj\u0105ce pismo dla pa\u0144, natomiast Izabela ma jej pom\u00f3c w odzyskaniu dawnej \u015bwietno\u015bci magazynu. Musz\u0105 tylko przeprowadzi\u0107 si\u0119 do Krakowa\u2026<br>Obydwie przyjaci\u00f3\u0142ki staj\u0105 przed bardzo trudnymi decyzjami. Ale w\u0142a\u015bciwie dlaczego mia\u0142yby nie podj\u0105\u0107 wyzwania?<br>\u017bycie pisze r\u00f3\u017cne scenariusze, a do odwa\u017cnych \u015bwiat nale\u017cy. Kobiety rzucaj\u0105 si\u0119 w wir pracy. Los przygotowa\u0142 dla nich wiele niespodzianek: porywaj\u0105c\u0105 weneck\u0105 podr\u00f3\u017c, odzyskan\u0105 przyja\u017a\u0144, wiosenny Krak\u00f3w odkrywany na nowo, a wreszcie mi\u0142o\u015b\u0107\u2026 Bo wszystko jest mo\u017cliwe, tylko trzeba chcie\u0107 i odwa\u017cnie spogl\u0105da\u0107 w przysz\u0142o\u015b\u0107.<\/p>\n\n\n\n<p>Romantyczna opowie\u015b\u0107, kt\u00f3ra zabierze Was do klimatycznego miasta nad Wis\u0142\u0105, pi\u0119knej, s\u0142onecznej Wenecji, i wsz\u0119dzie tam, gdzie warto si\u0119 zakocha\u0107.<\/p>\n\n\n\n<hr class=\"wp-block-separator\"\/>\n\n\n\n<div class=\"wp-block-group\"><div class=\"wp-block-group__inner-container\">\n<p>Recenzje:<\/p>\n\n\n\n<ul><li><a rel=\"noreferrer noopener\" aria-label=\"http:\/\/ukatji.blogspot.com\/2018\/05\/tylko-dobre-wiadomosci-agnieszka.html (otwiera si\u0119 na nowej zak\u0142adce)\" href=\"http:\/\/ukatji.blogspot.com\/2018\/05\/tylko-dobre-wiadomosci-agnieszka.html\" target=\"_blank\">http:\/\/ukatji.blogspot.com\/2018\/05\/tylko-dobre-wiadomosci-agnieszka.html<\/a><\/li><li><a rel=\"noreferrer noopener\" aria-label=\"http:\/\/www.recenzjezpazurem.pl\/2018\/07\/tylko-dobre-wiadomosci-agnieszka.html (otwiera si\u0119 na nowej zak\u0142adce)\" href=\"http:\/\/www.recenzjezpazurem.pl\/2018\/07\/tylko-dobre-wiadomosci-agnieszka.html\" target=\"_blank\">http:\/\/www.recenzjezpazurem.pl\/2018\/07\/tylko-dobre-wiadomosci-agnieszka.html<\/a><\/li><li><a href=\"https:\/\/obsessive-reader.blogspot.com\/2019\/07\/tylko-dobre-wiadomosci-agnieszka.html\" target=\"_blank\" rel=\"noreferrer noopener\" aria-label=\"https:\/\/obsessive-reader.blogspot.com\/2019\/07\/tylko-dobre-wiadomosci-agnieszka.html (otwiera si\u0119 na nowej zak\u0142adce)\">https:\/\/obsessive-reader.blogspot.com\/2019\/07\/tylko-dobre-wiadomosci-agnieszka.html<\/a><\/li><\/ul>\n<\/div><\/div>\n\n\n\n<hr class=\"wp-block-separator\"\/>\n\n\n<p><script type=\"text\/javascript\" src=\"https:\/\/buybox.click\/js\/bb-widget.min.js\" async=\"\"><\/script><\/p>\n<div class=\"bb-widget\" id=\"buybox-i7qg\" data-bb-id=\"9776\" data-bb-oid=\"27367335\" ><\/div>\n","protected":false},"excerpt":{"rendered":"<p>Wszyscy kochamy powie\u015bci o mi\u0142o\u015bci&#8230; Dziennikarka Izabela Oster z dnia na dzie\u0144 rzuca prac\u0119 w telewizji. Nie wszystko jednak toczy si\u0119 po jej my\u015bli. Nowe oferty pracy nie sp\u0142ywaj\u0105, a pracodawcy nie pukaj\u0105 do jej drzwi. Na szcz\u0119\u015bcie przyjaci\u00f3\u0142ka, Kamila Rudnicka-Clement, sk\u0142ada jej propozycj\u0119 nie do odrzucenia.Kobieta odziedziczy\u0142a bowiem podupadaj\u0105ce pismo dla pa\u0144, natomiast Izabela ma jej pom\u00f3c w odzyskaniu&hellip;<\/p>\n","protected":false},"author":1,"featured_media":0,"parent":0,"menu_order":0,"comment_status":"closed","ping_status":"closed","template":"","meta":[],"_links":{"self":[{"href":"http:\/\/agnieszkakrawczyk.pl\/index.php?rest_route=\/wp\/v2\/pages\/726"}],"collection":[{"href":"http:\/\/agnieszkakrawczyk.pl\/index.php?rest_route=\/wp\/v2\/pages"}],"about":[{"href":"http:\/\/agnieszkakrawczyk.pl\/index.php?rest_route=\/wp\/v2\/types\/page"}],"author":[{"embeddable":true,"href":"http:\/\/agnieszkakrawczyk.pl\/index.php?rest_route=\/wp\/v2\/users\/1"}],"replies":[{"embeddable":true,"href":"http:\/\/agnieszkakrawczyk.pl\/index.php?rest_route=%2Fwp%2Fv2%2Fcomments&post=726"}],"version-history":[{"count":6,"href":"http:\/\/agnieszkakrawczyk.pl\/index.php?rest_route=\/wp\/v2\/pages\/726\/revisions"}],"predecessor-version":[{"id":1039,"href":"http:\/\/agnieszkakrawczyk.pl\/index.php?rest_route=\/wp\/v2\/pages\/726\/revisions\/1039"}],"wp:attachment":[{"href":"http:\/\/agnieszkakrawczyk.pl\/index.php?rest_route=%2Fwp%2Fv2%2Fmedia&parent=726"}],"curies":[{"name":"wp","href":"https:\/\/api.w.org\/{rel}","templated":true}]}}