{"id":505,"date":"2017-04-27T07:46:37","date_gmt":"2017-04-27T07:46:37","guid":{"rendered":"http:\/\/agnieszkakrawczyk.pl\/?page_id=505"},"modified":"2020-05-26T12:15:11","modified_gmt":"2020-05-26T12:15:11","slug":"przyjaciele-i-rywale","status":"publish","type":"page","link":"http:\/\/agnieszkakrawczyk.pl\/?page_id=505","title":{"rendered":"Przyjaciele i rywale"},"content":{"rendered":"\n<hr class=\"wp-block-separator\"\/>\n\n\n\n<p class=\"has-text-align-center\"> Druga cz\u0119\u015b\u0107 bestsellerowej serii \u201e<a href=\"http:\/\/agnieszkakrawczyk.pl\/?page_id=898\">Czary Codzienno\u015bci<\/a>\u201d <\/p>\n\n\n\n<div class=\"wp-block-image\"><figure class=\"aligncenter size-large\"><img loading=\"lazy\" width=\"236\" height=\"350\" src=\"http:\/\/agnieszkakrawczyk.pl\/wp-content\/uploads\/2017\/04\/przyjaciele-i-rywale-w-iext43173999.jpg\" alt=\"\" class=\"wp-image-514\" srcset=\"http:\/\/agnieszkakrawczyk.pl\/wp-content\/uploads\/2017\/04\/przyjaciele-i-rywale-w-iext43173999.jpg 236w, http:\/\/agnieszkakrawczyk.pl\/wp-content\/uploads\/2017\/04\/przyjaciele-i-rywale-w-iext43173999-202x300.jpg 202w\" sizes=\"(max-width: 236px) 100vw, 236px\" \/><\/figure><\/div>\n\n\n\n<p>Beztroskie i pe\u0142ne niezm\u0105conego szcz\u0119\u015bcia dni w Zmys\u0142owie dobiegaj\u0105 ko\u0144ca \u2013 \u017cycie si\u00f3str Niemirskich wkr\u00f3tce bardzo si\u0119 zmieni. Agata odkrywa bowiem starannie tajon\u0105 przez matk\u0119 to\u017csamo\u015b\u0107 ojca swej najm\u0142odszej siostry, Tosi. Czy b\u0119dzie to pocz\u0105tek czego\u015b nowego i dobrego, czy wr\u0119cz przeciwnie \u2013 \u017ar\u00f3d\u0142o powa\u017cnych k\u0142opot\u00f3w?<\/p>\n\n\n\n<p>Dodatkowo skomplikuje si\u0119 nie tylko codzienne \u017cycie si\u00f3str, ale i ich sprawy uczuciowe. Najwa\u017cniejsze, \u017ce Agat\u0119, Daniel\u0119 i Tosi\u0119 otaczaj\u0105 \u017cyczliwi ludzie. Obok przyjaci\u00f3\u0142 pojawi\u0105 si\u0119 jednak rywale, a nawet \u2013 wrogowie. Nic ju\u017c nie b\u0119dzie tak proste i oczywiste jak dawniej.<\/p>\n\n\n\n<hr class=\"wp-block-separator\"\/>\n\n\n\n<div class=\"wp-block-group\"><div class=\"wp-block-group__inner-container\">\n<p>Recenzje:<\/p>\n\n\n\n<ul><li><a rel=\"noreferrer noopener\" aria-label=\" (otwiera si\u0119 na nowej zak\u0142adce)\" href=\"http:\/\/nieterazwlasnieczytam.blogspot.com\/2016\/10\/recenzja-przyjaciele-i-rywale-agnieszka.html\" target=\"_blank\">http:\/\/nieterazwlasnieczytam.blogspot.com\/2016\/10\/recenzja-przyjaciele-i-rywale-agnieszka.html<\/a><\/li><li><a href=\"https:\/\/katarzynastec.wordpress.com\/2016\/10\/09\/przyjaciele-i-rywale-agnieszka-krawczyk-recenzja\/\">https:\/\/katarzynastec.wordpress.com\/2016\/10\/09\/przyjaciele-i-rywale-agnieszka-krawczyk-recenzja\/<\/a><\/li><li><a href=\"http:\/\/www.janielka.pl\/2017\/07\/przyjaciele-i-rywale-agnieszka-krawczyk.html\" target=\"_blank\" rel=\"noreferrer noopener\" aria-label=\"http:\/\/www.janielka.pl\/2017\/07\/przyjaciele-i-rywale-agnieszka-krawczyk.html (otwiera si\u0119 na nowej zak\u0142adce)\">http:\/\/www.janielka.pl\/2017\/07\/przyjaciele-i-rywale-agnieszka-krawczyk.html<\/a><\/li><\/ul>\n<\/div><\/div>\n\n\n\n<hr class=\"wp-block-separator\"\/>\n\n\n<p><script type=\"text\/javascript\" src=\"https:\/\/buybox.click\/js\/bb-widget.min.js\" async=\"\"><\/script><\/p>\n<div class=\"bb-widget\" id=\"buybox-1umw\" data-bb-id=\"9776\" data-bb-oid=\"2756930\" ><\/div>\n","protected":false},"excerpt":{"rendered":"<p>Druga cz\u0119\u015b\u0107 bestsellerowej serii \u201eCzary Codzienno\u015bci\u201d Beztroskie i pe\u0142ne niezm\u0105conego szcz\u0119\u015bcia dni w Zmys\u0142owie dobiegaj\u0105 ko\u0144ca \u2013 \u017cycie si\u00f3str Niemirskich wkr\u00f3tce bardzo si\u0119 zmieni. Agata odkrywa bowiem starannie tajon\u0105 przez matk\u0119 to\u017csamo\u015b\u0107 ojca swej najm\u0142odszej siostry, Tosi. Czy b\u0119dzie to pocz\u0105tek czego\u015b nowego i dobrego, czy wr\u0119cz przeciwnie \u2013 \u017ar\u00f3d\u0142o powa\u017cnych k\u0142opot\u00f3w? Dodatkowo skomplikuje si\u0119 nie tylko codzienne \u017cycie si\u00f3str,&hellip;<\/p>\n","protected":false},"author":1,"featured_media":0,"parent":0,"menu_order":0,"comment_status":"open","ping_status":"closed","template":"","meta":[],"_links":{"self":[{"href":"http:\/\/agnieszkakrawczyk.pl\/index.php?rest_route=\/wp\/v2\/pages\/505"}],"collection":[{"href":"http:\/\/agnieszkakrawczyk.pl\/index.php?rest_route=\/wp\/v2\/pages"}],"about":[{"href":"http:\/\/agnieszkakrawczyk.pl\/index.php?rest_route=\/wp\/v2\/types\/page"}],"author":[{"embeddable":true,"href":"http:\/\/agnieszkakrawczyk.pl\/index.php?rest_route=\/wp\/v2\/users\/1"}],"replies":[{"embeddable":true,"href":"http:\/\/agnieszkakrawczyk.pl\/index.php?rest_route=%2Fwp%2Fv2%2Fcomments&post=505"}],"version-history":[{"count":7,"href":"http:\/\/agnieszkakrawczyk.pl\/index.php?rest_route=\/wp\/v2\/pages\/505\/revisions"}],"predecessor-version":[{"id":1038,"href":"http:\/\/agnieszkakrawczyk.pl\/index.php?rest_route=\/wp\/v2\/pages\/505\/revisions\/1038"}],"wp:attachment":[{"href":"http:\/\/agnieszkakrawczyk.pl\/index.php?rest_route=%2Fwp%2Fv2%2Fmedia&parent=505"}],"curies":[{"name":"wp","href":"https:\/\/api.w.org\/{rel}","templated":true}]}}