{"id":335,"date":"2017-01-05T19:32:08","date_gmt":"2017-01-05T19:32:08","guid":{"rendered":"http:\/\/agnieszkakrawczyk.pl\/?page_id=335"},"modified":"2025-02-24T18:25:34","modified_gmt":"2025-02-24T18:25:34","slug":"moje-ksiazki","status":"publish","type":"page","link":"http:\/\/agnieszkakrawczyk.pl\/?page_id=335","title":{"rendered":"Moje ksi\u0105\u017cki"},"content":{"rendered":"<p>Oto wszystkie moje ksi\u0105\u017cki:<\/p>\n<p><strong>Powie\u015bci:<\/strong><\/p>\n<ol>\n<li><i>Napisz na priv<\/i> (2009)<\/li>\n<li><i><a href=\"http:\/\/agnieszkakrawczyk.pl\/?page_id=240\">Magiczne miejsce<\/a><\/i> (2010, wznowienie 2015, wznowienie 2020) <strong>seria: Magiczne miejsce (tom 1)<\/strong><\/li>\n<li><i>Morderstwo niedoskona\u0142e<\/i> (2011)<\/li>\n<li><i>Dziewczyna z anio\u0142em<\/i> (2012)<\/li>\n<li><em><a href=\"http:\/\/agnieszkakrawczyk.pl\/?page_id=22\">Noc zimowego przesilenia<\/a><\/em> (2014)<\/li>\n<li><em><a href=\"http:\/\/agnieszkakrawczyk.pl\/?page_id=171\">Dolina mgie\u0142 i r\u00f3\u017c<\/a><\/em> (2014, wznowienie 2020) <strong>seria: Magiczne miejsce (tom 2)<\/strong><\/li>\n<li><em><a href=\"http:\/\/agnieszkakrawczyk.pl\/?page_id=238\">Ogr\u00f3d ksi\u0119\u017cycowy<\/a><\/em> (2015, wznowienie 2021) <strong>seria: Magiczne miejsce (tom 3)<\/strong><\/li>\n<li><em><a href=\"http:\/\/agnieszkakrawczyk.pl\/?page_id=258\">Jezioro szcz\u0119\u015bcia<\/a><\/em> (2015, wznowienie 2021) <strong>seria: Magiczne miejsce (tom 4)<\/strong><\/li>\n<li><em><a href=\"http:\/\/agnieszkakrawczyk.pl\/?page_id=260\">Siostry<\/a><\/em> (2016, wznowienie 2022) <strong>seria: Czary codzienno\u015bci (tom 1)<\/strong><\/li>\n<li><em><a href=\"http:\/\/agnieszkakrawczyk.pl\/?page_id=505\">Przyjaciele i rywale<\/a><\/em> (2016, wznowienie 2022) <strong>seria: Czary codzienno\u015bci (tom 2)<\/strong><\/li>\n<li><em><a href=\"http:\/\/agnieszkakrawczyk.pl\/?page_id=419\">Cia\u0142o<\/a> (pod pseudonimem Iga Horn, 2017)<\/em><\/li>\n<li><em><a href=\"http:\/\/agnieszkakrawczyk.pl\/?page_id=506\">S\u0142oneczna przysta\u0144<\/a><\/em> (2017, wznowienie 2022) <strong>seria: Czary codzienno\u015bci (tom 3)<\/strong><\/li>\n<li><a href=\"http:\/\/agnieszkakrawczyk.pl\/?page_id=807\"><em>Magiczny wiecz\u00f3r<\/em><\/a> (2017, wznowienie 2022) <strong>seria: Czary codzienno\u015bci (tom 4)<\/strong><\/li>\n<li><a href=\"http:\/\/agnieszkakrawczyk.pl\/?page_id=726\">T<em>ylko dobre wiadomo\u015bci<\/em><\/a> (2018)<\/li>\n<li><a href=\"http:\/\/httagnieszkakrawczyk.pl\/?page_id=729\"><em>Kamienica pod Szcz\u0119\u015bliw\u0105 Gwiazd\u0105<\/em><\/a> (2018) <strong>seria: U\u015bmiech losu (tom 1)<\/strong><\/li>\n<li><a href=\"http:\/\/agnieszkakrawczyk.pl\/?page_id=991\"><em>Dobre uczynki<\/em><\/a> (2018) <strong>seria: U\u015bmiech losu (tom 2)<\/strong><\/li>\n<li><a href=\"http:\/\/agnieszkakrawczyk.pl\/?page_id=997\"><em>Szcz\u0119\u015bcie na wyci\u0105gni\u0119cie r\u0119ki<\/em><\/a> (2019) <strong>seria: U\u015bmiech losu (tom 3)<\/strong><\/li>\n<li><a href=\"http:\/\/agnieszkakrawczyk.pl\/?page_id=1014\"><em>Lato w\u015br\u00f3d wydm<\/em><\/a> (2019) <strong>seria: Przyl\u0105dek wichr\u00f3w (tom 1)<\/strong><\/li>\n<li><a href=\"http:\/\/agnieszkakrawczyk.pl\/?page_id=1016\"><em>R\u00f3\u017ca wiatr\u00f3w<\/em><\/a> (2019) <strong>seria: Przyl\u0105dek wichr\u00f3w (tom 2)<\/strong><\/li>\n<li><a href=\"http:\/\/agnieszkakrawczyk.pl\/?page_id=1018\"><em>Najmilszy prezent<\/em><\/a> (2019) <strong>seria: Ulica Wierzbowa (tom 1)<\/strong><\/li>\n<li><em><a href=\"http:\/\/agnieszkakrawczyk.pl\/?page_id=1044\">Zawsze w por\u0119<\/a><\/em> (2020) <strong>seria: Ulica Wierzbowa (tom 2)<\/strong><\/li>\n<li><em><a href=\"http:\/\/agnieszkakrawczyk.pl\/?page_id=1058\">Marzenia, kt\u00f3re si\u0119 spe\u0142niaj\u0105<\/a><\/em> (2020) <strong>seria: Ulica Wierzbowa (tom 3)<\/strong><\/li>\n<li><em>Spl\u0105tane \u015bcie\u017cki<\/em> (2021)<\/li>\n<li><em>Warkocz spleciony z kwiat\u00f3w<\/em> (2021) <strong>seria Le\u015bne ustronie (tom 1)<\/strong><\/li>\n<li><em>Sklep z tysi\u0105cem cud\u00f3w<\/em> (2022)<\/li>\n<li><em>Uzdrowicielka<\/em> (2022) <strong>seria Le\u015bne ustronie (tom 2)<\/strong><\/li>\n<li><em>Wybory serca<\/em> (2022) <strong>seria Le\u015bne ustronie (tom 3)<\/strong><\/li>\n<li><em>Maja i tajemnicza szuflada<\/em> (2022) &#8211; powie\u015b\u0107 dla dzieci<\/li>\n<li><em>Ogr\u00f3d sekret\u00f3w i zdrad<\/em> (2023) <strong>seria Ogr\u00f3d sekret\u00f3w i zdrad (tom 1)<\/strong><\/li>\n<li><em>Kolekcja straconych chwil<\/em> (2023) <strong>seria Ogr\u00f3d sekret\u00f3w i zdrad (tom 2)<\/strong><\/li>\n<li><em>Maja i gabinet duch\u00f3w<\/em> (2023)<\/li>\n<li><em>W\u015br\u00f3d burz<\/em> (2024) <strong>seria Ogr\u00f3d sekret\u00f3w i zdrad (tom 3)<\/strong><\/li>\n<li><em>Maja i le\u015bna przygoda<\/em> (2024)<\/li>\n<li><em>Opiekunka marze\u0144<\/em> (2024)<\/li>\n<li><em>Ca\u0142e szcz\u0119\u015bcie \u015bwiata<\/em> (2025) <strong>seria Zwyczajna magia (tom 1)<\/strong><\/li>\n<\/ol>\n<p><strong>Opowiadania:<\/strong><\/p>\n<p>w antologiach kryminalnych:<\/p>\n<ol>\n<li><i>Zatrute<\/i> <i>pi\u00f3ra<\/i> (2012),<\/li>\n<li><i>Mordercze miasta<\/i> (2012)<\/li>\n<li><i>Kryminalny Wroc\u0142aw. Mroczne przechadzki po mie\u015bcie\u00a0<\/i>(2013)<\/li>\n<\/ol>\n<p>w antologiach opowiada\u0144 \u015bwi\u0105tecznych:<\/p>\n<ol>\n<li><em>Siedem \u017cycze\u0144<\/em> (2015, wznowienie 2021)<\/li>\n<li><em>Ksi\u0119garenka przy ulicy Wi\u015bniowej<\/em> (2016, wznowienie 2020)<\/li>\n<li><em>PS I \u017cycz\u0119 Ci du\u017co mi\u0142o\u015bci<\/em> (2020)<\/li>\n<li><em>Niezapowiedziany go\u015b\u0107<\/em> (2021)<\/li>\n<\/ol>\n<p>w antologii opowiada\u0144 o zwierz\u0119tach:<\/p>\n<ol>\n<li><em>Przytulajka<\/em> (2018),<\/li>\n<\/ol>\n<p>antologie obyczajowe:<\/p>\n<ol>\n<li><em>Pierwsza mi\u0142o\u015b\u0107<\/em> (2018)<\/li>\n<li><em>Lato w Pensjonacie pod Bukami<\/em> (2019)<\/li>\n<li><em>Mi\u0142o\u015b\u0107 z widokiem na morze<\/em> (2020)<\/li>\n<li><em>Teraz Ci\u0119 rozumiem, mamo!<\/em> (2021)<\/li>\n<li><em>Kolory \u017cycia<\/em> (2022)<\/li>\n<li><em>Utkane z mi\u0142o\u015bci<\/em> (2023)<\/li>\n<\/ol>\n<p>opowiadania w antologiach\u00a0opowiada\u0144 kryminalnych, kt\u00f3re ukaza\u0142y si\u0119 jako ebooki:<\/p>\n<ol>\n<li><em><a href=\"http:\/\/agnieszkakrawczyk.pl\/?page_id=968\">Kryminalna 13<\/a><\/em><\/li>\n<li><a href=\"http:\/\/agnieszkakrawczyk.pl\/?page_id=973\"><em>Cztery zbrodnie na cztery pory roku<\/em><\/a><\/li>\n<\/ol>\n<p><a href=\"http:\/\/agnieszkakrawczyk.pl\/wp-content\/uploads\/2017\/01\/cropped-julita-7-ksi\u0105\u017cki-na-szpuli-z-bliska-2.jpg\"><img loading=\"lazy\" class=\"size-medium wp-image-278 aligncenter\" src=\"http:\/\/agnieszkakrawczyk.pl\/wp-content\/uploads\/2017\/01\/cropped-julita-7-ksi\u0105\u017cki-na-szpuli-z-bliska-2-300x300.jpg\" alt=\"\" width=\"300\" height=\"300\" srcset=\"http:\/\/agnieszkakrawczyk.pl\/wp-content\/uploads\/2017\/01\/cropped-julita-7-ksi\u0105\u017cki-na-szpuli-z-bliska-2-300x300.jpg 300w, http:\/\/agnieszkakrawczyk.pl\/wp-content\/uploads\/2017\/01\/cropped-julita-7-ksi\u0105\u017cki-na-szpuli-z-bliska-2-150x150.jpg 150w, http:\/\/agnieszkakrawczyk.pl\/wp-content\/uploads\/2017\/01\/cropped-julita-7-ksi\u0105\u017cki-na-szpuli-z-bliska-2-270x270.jpg 270w, http:\/\/agnieszkakrawczyk.pl\/wp-content\/uploads\/2017\/01\/cropped-julita-7-ksi\u0105\u017cki-na-szpuli-z-bliska-2-192x192.jpg 192w, http:\/\/agnieszkakrawczyk.pl\/wp-content\/uploads\/2017\/01\/cropped-julita-7-ksi\u0105\u017cki-na-szpuli-z-bliska-2-180x180.jpg 180w, http:\/\/agnieszkakrawczyk.pl\/wp-content\/uploads\/2017\/01\/cropped-julita-7-ksi\u0105\u017cki-na-szpuli-z-bliska-2-32x32.jpg 32w, http:\/\/agnieszkakrawczyk.pl\/wp-content\/uploads\/2017\/01\/cropped-julita-7-ksi\u0105\u017cki-na-szpuli-z-bliska-2.jpg 512w\" sizes=\"(max-width: 300px) 100vw, 300px\" \/><\/a><\/p>\n","protected":false},"excerpt":{"rendered":"<p>Oto wszystkie moje ksi\u0105\u017cki: Powie\u015bci: Napisz na priv (2009) Magiczne miejsce (2010, wznowienie 2015, wznowienie 2020) seria: Magiczne miejsce (tom 1) Morderstwo niedoskona\u0142e (2011) Dziewczyna z anio\u0142em (2012) Noc zimowego przesilenia (2014) Dolina mgie\u0142 i r\u00f3\u017c (2014, wznowienie 2020) seria: Magiczne miejsce (tom 2) Ogr\u00f3d ksi\u0119\u017cycowy (2015, wznowienie 2021) seria: Magiczne miejsce (tom 3) Jezioro szcz\u0119\u015bcia (2015, wznowienie 2021) seria:&hellip;<\/p>\n","protected":false},"author":1,"featured_media":0,"parent":0,"menu_order":0,"comment_status":"closed","ping_status":"closed","template":"","meta":[],"_links":{"self":[{"href":"http:\/\/agnieszkakrawczyk.pl\/index.php?rest_route=\/wp\/v2\/pages\/335"}],"collection":[{"href":"http:\/\/agnieszkakrawczyk.pl\/index.php?rest_route=\/wp\/v2\/pages"}],"about":[{"href":"http:\/\/agnieszkakrawczyk.pl\/index.php?rest_route=\/wp\/v2\/types\/page"}],"author":[{"embeddable":true,"href":"http:\/\/agnieszkakrawczyk.pl\/index.php?rest_route=\/wp\/v2\/users\/1"}],"replies":[{"embeddable":true,"href":"http:\/\/agnieszkakrawczyk.pl\/index.php?rest_route=%2Fwp%2Fv2%2Fcomments&post=335"}],"version-history":[{"count":33,"href":"http:\/\/agnieszkakrawczyk.pl\/index.php?rest_route=\/wp\/v2\/pages\/335\/revisions"}],"predecessor-version":[{"id":1181,"href":"http:\/\/agnieszkakrawczyk.pl\/index.php?rest_route=\/wp\/v2\/pages\/335\/revisions\/1181"}],"wp:attachment":[{"href":"http:\/\/agnieszkakrawczyk.pl\/index.php?rest_route=%2Fwp%2Fv2%2Fmedia&parent=335"}],"curies":[{"name":"wp","href":"https:\/\/api.w.org\/{rel}","templated":true}]}}