{"id":334,"date":"2017-01-05T19:32:08","date_gmt":"2017-01-05T19:32:08","guid":{"rendered":"http:\/\/agnieszkakrawczyk.pl\/?page_id=334"},"modified":"2020-03-04T11:07:55","modified_gmt":"2020-03-04T11:07:55","slug":"o-mnie","status":"publish","type":"page","link":"http:\/\/agnieszkakrawczyk.pl\/?page_id=334","title":{"rendered":"O mnie"},"content":{"rendered":"<p><b>Agnieszka Krawczyk<\/b> \u2013 absolwentka filologii polskiej UJ, mieszka w Krakowie. Autorka nast\u0119puj\u0105cych&nbsp;powie\u015bci: <i>Napisz na priv<\/i> (2009), <i>Magiczne miejsce<\/i> (2010, wznowienie 2015), <i>Morderstwo niedoskona\u0142e<\/i> (2011), <i>Dziewczyna z anio\u0142em<\/i> (2012), <em>Noc zimowego przesilenia<\/em> (2014), <em>Dolina mgie\u0142 i r\u00f3\u017c<\/em> (2014), <em>Ogr\u00f3d ksi\u0119\u017cycowy<\/em> (2015), <em>Jezioro szcz\u0119\u015bcia<\/em> (2015), <em>Siostry<\/em> (2016), <em>Przyjaciele i rywale<\/em> (2016),&nbsp;<em>S\u0142oneczna przysta\u0144<\/em> (2017), <em>Magiczny wiecz\u00f3r<\/em> (2017) oraz <em>Tylko dobre wiadomo\u015bci<\/em> (2018). W marcu 2017 ukaza\u0142o si\u0119 <em>Cia\u0142o<\/em> pierwszy krymina\u0142, kt\u00f3ry wyda\u0142a pod pseudonimem Iga Horn.<\/p>\n<p>Wsp\u00f3\u0142autorka trzech tom\u00f3w opowiada\u0144 kryminalnych: <i>Zatrute<\/i> <i>pi\u00f3ra<\/i> (2012), <i>Mordercze miasta<\/i> (2012) i <i>Kryminalny Wroc\u0142aw. Mroczne przechadzki po mie\u015bcie&nbsp;<\/i>(2013) oraz dw\u00f3ch antologii \u015bwi\u0105tecznych <em>Siedem \u017cycze\u0144<\/em> (2015) i <em>Ksi\u0119garenka przy ulicy Wi\u015bniowej<\/em> (2016) i antologii opowiada\u0144 o zwierz\u0119tach <em>Przytulajka<\/em> (2018)<\/p>\n<p>Wsp\u00f3\u0142autorka dw\u00f3ch antologii opowiada\u0144 kryminalnych, kt\u00f3re ukaza\u0142y si\u0119 jako ebooki: <em>Kryminalna 13<\/em> i <em>Cztery zbrodnie na cztery pory roku<\/em>.<\/p>\n<p>Laureatka konkurs\u00f3w literackich. Jedna z za\u0142o\u017cycielek grupy pisarskiej Zbrodnicze Siostrzyczki.<\/p>\n<p><a href=\"http:\/\/agnieszkakrawczyk.pl\/wp-content\/uploads\/2017\/01\/julita-8-ja-i-ksi\u0105\u017cki-na-profil-e1483568800525.jpg\"><img loading=\"lazy\" class=\"size-medium wp-image-272 aligncenter\" src=\"http:\/\/agnieszkakrawczyk.pl\/wp-content\/uploads\/2017\/01\/julita-8-ja-i-ksi\u0105\u017cki-na-profil-e1483568800525-194x300.jpg\" alt=\"\" width=\"194\" height=\"300\" srcset=\"http:\/\/agnieszkakrawczyk.pl\/wp-content\/uploads\/2017\/01\/julita-8-ja-i-ksi\u0105\u017cki-na-profil-e1483568800525-194x300.jpg 194w, http:\/\/agnieszkakrawczyk.pl\/wp-content\/uploads\/2017\/01\/julita-8-ja-i-ksi\u0105\u017cki-na-profil-e1483568800525.jpg 480w\" sizes=\"(max-width: 194px) 100vw, 194px\" \/><\/a><\/p>\n<p>Zdj\u0119cie: Julita Paj\u0105k Made with Love Photography<\/p>\n\n\n<hr class=\"wp-block-separator\"\/>\n\n\n\n<div class=\"wp-block-group\"><div class=\"wp-block-group__inner-container\"><div class=\"wp-block-group__inner-container\">\n<div class=\"wp-block-group\"><div class=\"wp-block-group__inner-container\"><div class=\"wp-block-group__inner-container\">\n<p>Wywiady ze mn\u0105:<\/p>\n\n\n\n<ul><li><a rel=\"noreferrer noopener\" aria-label=\"https:\/\/virtualo.pl\/blog\/swiat-ktory-nas-otacza-jest-piekny-i-warto-wyciagnac-z-niego-co-dobre-wywiad-z-agnieszka-krawczyk-w225\/ (otwiera si\u0119 na nowej zak\u0142adce)\" href=\"https:\/\/virtualo.pl\/blog\/swiat-ktory-nas-otacza-jest-piekny-i-warto-wyciagnac-z-niego-co-dobre-wywiad-z-agnieszka-krawczyk-w225\/\" target=\"_blank\">https:\/\/virtualo.pl\/blog\/swiat-ktory-nas-otacza-jest-piekny-i-warto-wyciagnac-z-niego-co-dobre-wywiad-z-agnieszka-krawczyk-w225\/<\/a><\/li><li><a rel=\"noreferrer noopener\" aria-label=\"https:\/\/zwierciadlo.pl\/kultura\/tylko-dobre-wiadomosci-agnieszki-krawczyk-wywiad-z-autorka (otwiera si\u0119 na nowej zak\u0142adce)\" href=\"https:\/\/zwierciadlo.pl\/kultura\/tylko-dobre-wiadomosci-agnieszki-krawczyk-wywiad-z-autorka\" target=\"_blank\">https:\/\/zwierciadlo.pl\/kultura\/tylko-dobre-wiadomosci-agnieszki-krawczyk-wywiad-z-autorka<\/a><\/li><li><a rel=\"noreferrer noopener\" aria-label=\"http:\/\/czytampolskie.pl\/aktualnosci\/codziennosc-moze-byc-piekna-wywiad-z-agnieszka-krawczyk\/ (otwiera si\u0119 na nowej zak\u0142adce)\" href=\"http:\/\/czytampolskie.pl\/aktualnosci\/codziennosc-moze-byc-piekna-wywiad-z-agnieszka-krawczyk\/\" target=\"_blank\">http:\/\/czytampolskie.pl\/aktualnosci\/codziennosc-moze-byc-piekna-wywiad-z-agnieszka-krawczyk\/<\/a><\/li><li><a href=\"http:\/\/czytampolskie.pl\/aktualnosci\/wywiad-z-agnieszka-krawczyk\/\">http:\/\/czytampolskie.pl\/aktualnosci\/wywiad-z-agnieszka-krawczyk\/<\/a><\/li><li><a href=\"http:\/\/audycjaoksiazkach.pl\/wywiady\/1209\/wywiad-z-agnieszka-krawczyk.html\" target=\"_blank\" rel=\"noreferrer noopener\" aria-label=\"http:\/\/audycjaoksiazkach.pl\/wywiady\/1209\/wywiad-z-agnieszka-krawczyk.html (otwiera si\u0119 na nowej zak\u0142adce)\">http:\/\/audycjaoksiazkach.pl\/wywiady\/1209\/wywiad-z-agnieszka-krawczyk.html<\/a><\/li><li><a rel=\"noreferrer noopener\" aria-label=\"https:\/\/sztukater.pl\/wywiady\/98-agnieszka-krawczyk.html (otwiera si\u0119 na nowej zak\u0142adce)\" href=\"https:\/\/sztukater.pl\/wywiady\/98-agnieszka-krawczyk.html\" target=\"_blank\">https:\/\/sztukater.pl\/wywiady\/98-agnieszka-krawczyk.html<\/a><\/li><li><a rel=\"noreferrer noopener\" aria-label=\"https:\/\/lubimyczytac.pl\/aktualnosci\/rozmowy\/6780\/ludziom-pogodnym-zyje-sie-latwiej-wywiad-z-agnieszka-krawczyk (otwiera si\u0119 na nowej zak\u0142adce)\" href=\"https:\/\/lubimyczytac.pl\/aktualnosci\/rozmowy\/6780\/ludziom-pogodnym-zyje-sie-latwiej-wywiad-z-agnieszka-krawczyk\" target=\"_blank\">https:\/\/lubimyczytac.pl\/aktualnosci\/rozmowy\/6780\/ludziom-pogodnym-zyje-sie-latwiej-wywiad-z-agnieszka-krawczyk<\/a><\/li><li><a rel=\"noreferrer noopener\" aria-label=\"https:\/\/czytajpl.pl\/2018\/12\/12\/agnieszka-krawczyk-wywiad-z-autorka-dobrych-uczynkow\/ (otwiera si\u0119 na nowej zak\u0142adce)\" href=\"https:\/\/czytajpl.pl\/2018\/12\/12\/agnieszka-krawczyk-wywiad-z-autorka-dobrych-uczynkow\/\" target=\"_blank\">https:\/\/czytajpl.pl\/2018\/12\/12\/agnieszka-krawczyk-wywiad-z-autorka-dobrych-uczynkow\/<\/a><\/li><li><a rel=\"noreferrer noopener\" aria-label=\"http:\/\/www.lustrorzeczywistosci.pl\/2016\/05\/wywiad-z-agnieszka-krawczyk.html (otwiera si\u0119 na nowej zak\u0142adce)\" href=\"http:\/\/www.lustrorzeczywistosci.pl\/2016\/05\/wywiad-z-agnieszka-krawczyk.html\" target=\"_blank\">http:\/\/www.lustrorzeczywistosci.pl\/2016\/05\/wywiad-z-agnieszka-krawczyk.html<\/a><\/li><li><a rel=\"noreferrer noopener\" aria-label=\"http:\/\/dlalejdis.pl\/artykuly\/wywiad_z_agnieszka_krawczyk (otwiera si\u0119 na nowej zak\u0142adce)\" href=\"http:\/\/dlalejdis.pl\/artykuly\/wywiad_z_agnieszka_krawczyk\" target=\"_blank\">http:\/\/dlalejdis.pl\/artykuly\/wywiad_z_agnieszka_krawczyk<\/a><\/li><li><a rel=\"noreferrer noopener\" aria-label=\"https:\/\/www.miastokobiet.pl\/agnieszka-krawczyk-wywiad\/ (otwiera si\u0119 na nowej zak\u0142adce)\" href=\"https:\/\/www.miastokobiet.pl\/agnieszka-krawczyk-wywiad\/\" target=\"_blank\">https:\/\/www.miastokobiet.pl\/agnieszka-krawczyk-wywiad\/<\/a><\/li><li> <a rel=\"noreferrer noopener\" aria-label=\"https:\/\/miloscdoczytania.wordpress.com\/2016\/10\/24\/zeszyt-szczerosci-5-agnieszka-krawczyk (otwiera si\u0119 na nowej zak\u0142adce)\" href=\"https:\/\/miloscdoczytania.wordpress.com\/2016\/10\/24\/zeszyt-szczerosci-5-agnieszka-krawczyk\/\" target=\"_blank\">https:\/\/miloscdoczytania.wordpress.com\/2016\/10\/24\/zeszyt-szczerosci-5-agnieszka-krawczyk<\/a> <\/li><\/ul>\n<\/div><\/div><\/div>\n<\/div><\/div><\/div>\n\n\n\n<hr class=\"wp-block-separator\"\/>\n","protected":false},"excerpt":{"rendered":"<p>Agnieszka Krawczyk \u2013 absolwentka filologii polskiej UJ, mieszka w Krakowie. Autorka nast\u0119puj\u0105cych&nbsp;powie\u015bci: Napisz na priv (2009), Magiczne miejsce (2010, wznowienie 2015), Morderstwo niedoskona\u0142e (2011), Dziewczyna z anio\u0142em (2012), Noc zimowego przesilenia (2014), Dolina mgie\u0142 i r\u00f3\u017c (2014), Ogr\u00f3d ksi\u0119\u017cycowy (2015), Jezioro szcz\u0119\u015bcia (2015), Siostry (2016), Przyjaciele i rywale (2016),&nbsp;S\u0142oneczna przysta\u0144 (2017), Magiczny wiecz\u00f3r (2017) oraz Tylko dobre wiadomo\u015bci (2018). W&hellip;<\/p>\n","protected":false},"author":1,"featured_media":0,"parent":0,"menu_order":0,"comment_status":"closed","ping_status":"closed","template":"","meta":[],"_links":{"self":[{"href":"http:\/\/agnieszkakrawczyk.pl\/index.php?rest_route=\/wp\/v2\/pages\/334"}],"collection":[{"href":"http:\/\/agnieszkakrawczyk.pl\/index.php?rest_route=\/wp\/v2\/pages"}],"about":[{"href":"http:\/\/agnieszkakrawczyk.pl\/index.php?rest_route=\/wp\/v2\/types\/page"}],"author":[{"embeddable":true,"href":"http:\/\/agnieszkakrawczyk.pl\/index.php?rest_route=\/wp\/v2\/users\/1"}],"replies":[{"embeddable":true,"href":"http:\/\/agnieszkakrawczyk.pl\/index.php?rest_route=%2Fwp%2Fv2%2Fcomments&post=334"}],"version-history":[{"count":7,"href":"http:\/\/agnieszkakrawczyk.pl\/index.php?rest_route=\/wp\/v2\/pages\/334\/revisions"}],"predecessor-version":[{"id":966,"href":"http:\/\/agnieszkakrawczyk.pl\/index.php?rest_route=\/wp\/v2\/pages\/334\/revisions\/966"}],"wp:attachment":[{"href":"http:\/\/agnieszkakrawczyk.pl\/index.php?rest_route=%2Fwp%2Fv2%2Fmedia&parent=334"}],"curies":[{"name":"wp","href":"https:\/\/api.w.org\/{rel}","templated":true}]}}