{"id":260,"date":"2016-02-20T19:12:20","date_gmt":"2016-02-20T19:12:20","guid":{"rendered":"http:\/\/agnieszkakrawczyk.pl\/?page_id=260"},"modified":"2020-03-01T15:12:27","modified_gmt":"2020-03-01T15:12:27","slug":"siostry","status":"publish","type":"page","link":"http:\/\/agnieszkakrawczyk.pl\/?page_id=260","title":{"rendered":"Siostry"},"content":{"rendered":"\n<hr class=\"wp-block-separator\"\/>\n\n\n\n<p class=\"has-text-align-center\">Pierwsza cz\u0119\u015b\u0107 bestsellerowej serii \u201e<a href=\"http:\/\/agnieszkakrawczyk.pl\/?page_id=898\">Czary Codzienno\u015bci<\/a>\u201d<\/p>\n\n\n\n<div class=\"wp-block-image\"><figure class=\"aligncenter size-large\"><img loading=\"lazy\" width=\"230\" height=\"342\" src=\"http:\/\/agnieszkakrawczyk.pl\/wp-content\/uploads\/2020\/03\/siostry.jpg\" alt=\"\" class=\"wp-image-915\" srcset=\"http:\/\/agnieszkakrawczyk.pl\/wp-content\/uploads\/2020\/03\/siostry.jpg 230w, http:\/\/agnieszkakrawczyk.pl\/wp-content\/uploads\/2020\/03\/siostry-202x300.jpg 202w\" sizes=\"(max-width: 230px) 100vw, 230px\" \/><\/figure><\/div>\n\n\n\n<p> M\u0142oda kobieta, Agata Niemirska chce pozna\u0107 prawd\u0119 o swojej przesz\u0142o\u015bci. Dostaje zawiadomienie o \u015bmierci matki, kt\u00f3rej nigdy nie zna\u0142a. Razem z przyrodni\u0105 siostr\u0105, Daniel\u0105, jedzie wi\u0119c do Zmys\u0142owa, male\u0144kiego miasteczka w g\u00f3rach, by znale\u017a\u0107 odpowied\u017a na pytania, kt\u00f3re dr\u0119czy\u0142y j\u0105 ca\u0142e \u017cycie.<br>Nic nie jest jednak tak proste jak mo\u017ce si\u0119 wydawa\u0107 na pierwszy rzut oka. Pytania nie maj\u0105 \u0142atwych odpowiedzi, podobnie jak \u017cycie, kt\u00f3re nie uk\u0142ada si\u0119 wed\u0142ug naszych plan\u00f3w.<br>W Zmys\u0142owie czeka na Agat\u0119 dziewi\u0119cioletnia dziewczynka, Tosia, jej druga przyrodnia siostra, o kt\u00f3rej istnieniu dziewczyna nie mia\u0142a poj\u0119cia. Kto jest jej ojcem? Dlaczego matka ukrywa\u0142a jego to\u017csamo\u015b\u0107? Miasteczko zatrzyma Agat\u0119 i Daniel\u0119 na d\u0142u\u017cej, zmuszaj\u0105c, by nie tylko przyjrza\u0142y si\u0119 przesz\u0142o\u015bci i jej zagadkom, ale i w\u0142asnemu \u017cyciu. Otocz\u0105 ich ludzie \u2013 dobrzy, ale te\u017c i ci mniej \u017cyczliwi, pojawi\u0105 si\u0119 wierni przyjaciele, ale i wrogowie. Niemirska zyska oddanych sojusznik\u00f3w \u2013 miejscowego weterynarza-dziwaka, Jerzego Wilka i Juli\u0119 Kovacs \u2013 W\u0119gierk\u0119, kt\u00f3ra zwi\u0105za\u0142a sw\u00f3j los z Polsk\u0105.<br>Siostry wp\u0142yn\u0105 na \u017cycie wielu os\u00f3b, zmieniaj\u0105c ich w zaskakuj\u0105cy spos\u00f3b. Gdzie\u015b w tle zamajaczy wielkie uczucie. Mi\u0142o\u015b\u0107 pomimo wszystko i bez pyta\u0144 \u201edlaczego?\u201d.<br>Niech zatem uwiedzie Was magia ma\u0142ego miasteczka w g\u00f3rach, po\u0142o\u017conego w\u015br\u00f3d las\u00f3w i pachn\u0105cych kwiatami \u0142\u0105k.<br>Czary codzienno\u015bci \u2013 one odmieni\u0105 losy si\u00f3str, pozosta\u0142ych mieszka\u0144c\u00f3w Zmys\u0142owa, a mo\u017ce odmieni\u0105 i nas\u2026 <\/p>\n\n\n\n<hr class=\"wp-block-separator\"\/>\n\n\n\n<div class=\"wp-block-group\"><div class=\"wp-block-group__inner-container\">\n<p>Recenzje:<\/p>\n<\/div><\/div>\n\n\n\n<ul><li><a rel=\"noreferrer noopener\" aria-label=\" (otwiera si\u0119 na nowej zak\u0142adce)\" href=\"http:\/\/czytelnicza-dusza.blogspot.com\/2016\/03\/agnieszka-krawczyk-siostry-recenzja.html\" target=\"_blank\">http:\/\/czytelnicza-dusza.blogspot.com\/2016\/03\/agnieszka-krawczyk-siostry-recenzja.html<\/a><\/li><li><a rel=\"noreferrer noopener\" aria-label=\"http:\/\/nieterazwlasnieczytam.blogspot.com\/2016\/10\/recenzja-siostry-agnieszka-krawczyk.html (otwiera si\u0119 na nowej zak\u0142adce)\" href=\"http:\/\/nieterazwlasnieczytam.blogspot.com\/2016\/10\/recenzja-siostry-agnieszka-krawczyk.html\" target=\"_blank\">http:\/\/nieterazwlasnieczytam.blogspot.com\/2016\/10\/recenzja-siostry-agnieszka-krawczyk.html<\/a><\/li><li><a rel=\"noreferrer noopener\" aria-label=\"http:\/\/przeglad-czytelniczy.blogspot.com\/2016\/02\/agnieszka-krawczyk-siostry-recenzja.html (otwiera si\u0119 na nowej zak\u0142adce)\" href=\"http:\/\/przeglad-czytelniczy.blogspot.com\/2016\/02\/agnieszka-krawczyk-siostry-recenzja.html\" target=\"_blank\">http:\/\/przeglad-czytelniczy.blogspot.com\/2016\/02\/agnieszka-krawczyk-siostry-recenzja.html<\/a><\/li><li><a href=\"https:\/\/katarzynastec.wordpress.com\/2016\/02\/29\/siostry-agnieszka-krawczyk-recenzja\/\" target=\"_blank\" rel=\"noreferrer noopener\" aria-label=\"https:\/\/katarzynastec.wordpress.com\/2016\/02\/29\/siostry-agnieszka-krawczyk-recenzja\/ (otwiera si\u0119 na nowej zak\u0142adce)\">https:\/\/katarzynastec.wordpress.com\/2016\/02\/29\/siostry-agnieszka-krawczyk-recenzja\/<\/a><\/li><\/ul>\n\n\n\n<hr class=\"wp-block-separator\"\/>\n\n\n<p><script type=\"text\/javascript\" src=\"https:\/\/buybox.click\/js\/bb-widget.min.js\" async=\"\"><\/script><\/p>\n<div class=\"bb-widget\" id=\"buybox-v4an\" data-bb-id=\"9776\" data-bb-oid=\"2848436\" ><\/div>\n","protected":false},"excerpt":{"rendered":"<p>Pierwsza cz\u0119\u015b\u0107 bestsellerowej serii \u201eCzary Codzienno\u015bci\u201d M\u0142oda kobieta, Agata Niemirska chce pozna\u0107 prawd\u0119 o swojej przesz\u0142o\u015bci. Dostaje zawiadomienie o \u015bmierci matki, kt\u00f3rej nigdy nie zna\u0142a. Razem z przyrodni\u0105 siostr\u0105, Daniel\u0105, jedzie wi\u0119c do Zmys\u0142owa, male\u0144kiego miasteczka w g\u00f3rach, by znale\u017a\u0107 odpowied\u017a na pytania, kt\u00f3re dr\u0119czy\u0142y j\u0105 ca\u0142e \u017cycie.Nic nie jest jednak tak proste jak mo\u017ce si\u0119 wydawa\u0107 na pierwszy rzut&hellip;<\/p>\n","protected":false},"author":1,"featured_media":0,"parent":0,"menu_order":0,"comment_status":"open","ping_status":"open","template":"","meta":[],"_links":{"self":[{"href":"http:\/\/agnieszkakrawczyk.pl\/index.php?rest_route=\/wp\/v2\/pages\/260"}],"collection":[{"href":"http:\/\/agnieszkakrawczyk.pl\/index.php?rest_route=\/wp\/v2\/pages"}],"about":[{"href":"http:\/\/agnieszkakrawczyk.pl\/index.php?rest_route=\/wp\/v2\/types\/page"}],"author":[{"embeddable":true,"href":"http:\/\/agnieszkakrawczyk.pl\/index.php?rest_route=\/wp\/v2\/users\/1"}],"replies":[{"embeddable":true,"href":"http:\/\/agnieszkakrawczyk.pl\/index.php?rest_route=%2Fwp%2Fv2%2Fcomments&post=260"}],"version-history":[{"count":3,"href":"http:\/\/agnieszkakrawczyk.pl\/index.php?rest_route=\/wp\/v2\/pages\/260\/revisions"}],"predecessor-version":[{"id":916,"href":"http:\/\/agnieszkakrawczyk.pl\/index.php?rest_route=\/wp\/v2\/pages\/260\/revisions\/916"}],"wp:attachment":[{"href":"http:\/\/agnieszkakrawczyk.pl\/index.php?rest_route=%2Fwp%2Fv2%2Fmedia&parent=260"}],"curies":[{"name":"wp","href":"https:\/\/api.w.org\/{rel}","templated":true}]}}