{"id":258,"date":"2016-02-20T19:11:38","date_gmt":"2016-02-20T19:11:38","guid":{"rendered":"http:\/\/agnieszkakrawczyk.pl\/?page_id=258"},"modified":"2022-04-07T09:16:21","modified_gmt":"2022-04-07T09:16:21","slug":"jezioro-szczescia","status":"publish","type":"page","link":"http:\/\/agnieszkakrawczyk.pl\/?page_id=258","title":{"rendered":"Jezioro szcz\u0119\u015bcia"},"content":{"rendered":"\n<hr class=\"wp-block-separator\"\/>\n\n\n\n<p class=\"has-text-align-center\">Czwarta cz\u0119\u015b\u0107 sagi <a href=\"http:\/\/agnieszkakrawczyk.pl\/?page_id=1156\">Magiczne miejsce<\/a><\/p>\n\n\n\n<div class=\"wp-block-image\"><figure class=\"aligncenter size-large\"><img loading=\"lazy\" width=\"230\" height=\"342\" src=\"http:\/\/agnieszkakrawczyk.pl\/wp-content\/uploads\/2015\/08\/104_bcaa678ec8e152f30695954f7523952b_b.jpg\" alt=\"\" class=\"wp-image-245\" srcset=\"http:\/\/agnieszkakrawczyk.pl\/wp-content\/uploads\/2015\/08\/104_bcaa678ec8e152f30695954f7523952b_b.jpg 230w, http:\/\/agnieszkakrawczyk.pl\/wp-content\/uploads\/2015\/08\/104_bcaa678ec8e152f30695954f7523952b_b-202x300.jpg 202w\" sizes=\"(max-width: 230px) 100vw, 230px\" \/><figcaption>wydanie I (2015)<\/figcaption><\/figure><\/div>\n\n\n\n<div class=\"wp-block-image\"><figure class=\"aligncenter size-full\"><a href=\"http:\/\/agnieszkakrawczyk.pl\/wp-content\/uploads\/2022\/04\/jezioro_szczescia_w2.jpg\"><img loading=\"lazy\" width=\"230\" height=\"342\" src=\"http:\/\/agnieszkakrawczyk.pl\/wp-content\/uploads\/2022\/04\/jezioro_szczescia_w2.jpg\" alt=\"\" class=\"wp-image-1147\" srcset=\"http:\/\/agnieszkakrawczyk.pl\/wp-content\/uploads\/2022\/04\/jezioro_szczescia_w2.jpg 230w, http:\/\/agnieszkakrawczyk.pl\/wp-content\/uploads\/2022\/04\/jezioro_szczescia_w2-202x300.jpg 202w\" sizes=\"(max-width: 230px) 100vw, 230px\" \/><\/a><figcaption>wydanie II (2021)<\/figcaption><\/figure><\/div>\n\n\n\n<p> Do doliny mgie\u0142 i r\u00f3\u017c zawita\u0142a jesie\u0144. Przyroda odpoczywa po d\u0142ugim i gor\u0105cym lecie, za chwil\u0119 zaczn\u0105 si\u0119 przygotowania do \u015awi\u0105t i spadnie \u015bnieg. Sabina Dolecka jest szcz\u0119\u015bliwa w swym \u015blicznym domu, w otoczeniu bliskich, ale wci\u0105\u017c ma jedno niezrealizowane pragnienie \u2013 marzy o dziecku.<br>Pi\u0119kny sen mo\u017ce si\u0119 jednak nie zi\u015bci\u0107 \u2013 pisarka ma problem z zaj\u015bciem w ci\u0105\u017c\u0119. W Idzie pojawia si\u0119 telewizyjna scenarzystka, Katarzyna Wimmer, kt\u00f3ra b\u0119dzie wsp\u00f3lnie z Sabin\u0105 pisa\u0142a serial wed\u0142ug cyklu jej powie\u015bci. Niezale\u017cna i dumna Katarzyna od razu wpadnie komu\u015b w oko, ale sprawy bardzo si\u0119 skomplikuj\u0105. Przesz\u0142o\u015b\u0107 dogoni te\u017c hrabin\u0119 Tekl\u0119 Tyczy\u0144sk\u0105 \u2013 odezw\u0105 si\u0119 straszne wojenne wspomnienia, echa rodzinnej tragedii z okresu okupacji. Popl\u0105tane uczucia, silne emocje i tajemnica sprzed lat \u2013 tej zimy w Idzie rozwi\u0105\u017ce si\u0119 wiele problem\u00f3w, cho\u0107 niekt\u00f3re z nich, nie tak, jakby sobie tego \u017cyczyli bohaterowie. Lecz najwa\u017cniejsze jest to, by zawsze i\u015b\u0107 za sw\u0105 szcz\u0119\u015bliw\u0105 gwiazd\u0105, w nadziei, \u017ce nie ma przeszkody, kt\u00f3rej nie mog\u0142aby pokona\u0107 mi\u0142o\u015b\u0107. <\/p>\n\n\n\n<div class=\"wp-block-image\"><figure class=\"aligncenter size-large\"><img loading=\"lazy\" width=\"169\" height=\"180\" src=\"http:\/\/agnieszkakrawczyk.pl\/wp-content\/uploads\/2020\/03\/pieczatka.jpg\" alt=\"\" class=\"wp-image-946\"\/><\/figure><\/div>\n\n\n\n<hr class=\"wp-block-separator\"\/>\n\n\n\n<div class=\"wp-block-group\"><div class=\"wp-block-group__inner-container\">\n<p>Recenzje:<\/p>\n\n\n\n<ul><li><a rel=\"noreferrer noopener\" aria-label=\"https:\/\/dropsksiazkowy.pl\/tag\/agnieszka-krawczyk\/ (otwiera si\u0119 na nowej zak\u0142adce)\" href=\"https:\/\/pogodanaczytanie.blogspot.com\/2016\/01\/jezioro-szczescia-agnieszka-krawczyk.html\" target=\"_blank\">https:\/\/dropsksiazkowy.pl\/tag\/agnieszka-krawczyk\/<\/a><\/li><li><a href=\"http:\/\/www.janielka.pl\/2016\/11\/srodowe-czytanie-i-dzierganie-jezioro.html\" target=\"_blank\" rel=\"noreferrer noopener\" aria-label=\"http:\/\/www.janielka.pl\/2016\/11\/srodowe-czytanie-i-dzierganie-jezioro.html (otwiera si\u0119 na nowej zak\u0142adce)\">http:\/\/www.janielka.pl\/2016\/11\/srodowe-czytanie-i-dzierganie-jezioro.html<\/a><\/li><\/ul>\n<\/div><\/div>\n\n\n\n<hr class=\"wp-block-separator\"\/>\n\n\n<p><script type=\"text\/javascript\" src=\"https:\/\/buybox.click\/js\/bb-widget.min.js\" async=\"\"><\/script><\/p>\n<div class=\"bb-widget\" id=\"buybox-94vu\" data-bb-id=\"9776\" data-bb-oid=\"2967456\"><\/div>\n\n\n\n<p> Audiobook dost\u0119pny r\u00f3wnie\u017c online w serwisach <a rel=\"noreferrer noopener\" href=\"http:\/\/www.storytel.pl\" target=\"_blank\">Storytel<\/a> i <a rel=\"noreferrer noopener\" href=\"http:\/\/www.audioteka.com\" target=\"_blank\">Audioteka<\/a> <\/p>\n\n\n\n<hr class=\"wp-block-separator\"\/>\n","protected":false},"excerpt":{"rendered":"<p>Czwarta cz\u0119\u015b\u0107 sagi Magiczne miejsce Do doliny mgie\u0142 i r\u00f3\u017c zawita\u0142a jesie\u0144. Przyroda odpoczywa po d\u0142ugim i gor\u0105cym lecie, za chwil\u0119 zaczn\u0105 si\u0119 przygotowania do \u015awi\u0105t i spadnie \u015bnieg. Sabina Dolecka jest szcz\u0119\u015bliwa w swym \u015blicznym domu, w otoczeniu bliskich, ale wci\u0105\u017c ma jedno niezrealizowane pragnienie \u2013 marzy o dziecku.Pi\u0119kny sen mo\u017ce si\u0119 jednak nie zi\u015bci\u0107 \u2013 pisarka ma problem&hellip;<\/p>\n","protected":false},"author":1,"featured_media":0,"parent":0,"menu_order":0,"comment_status":"open","ping_status":"open","template":"","meta":[],"_links":{"self":[{"href":"http:\/\/agnieszkakrawczyk.pl\/index.php?rest_route=\/wp\/v2\/pages\/258"}],"collection":[{"href":"http:\/\/agnieszkakrawczyk.pl\/index.php?rest_route=\/wp\/v2\/pages"}],"about":[{"href":"http:\/\/agnieszkakrawczyk.pl\/index.php?rest_route=\/wp\/v2\/types\/page"}],"author":[{"embeddable":true,"href":"http:\/\/agnieszkakrawczyk.pl\/index.php?rest_route=\/wp\/v2\/users\/1"}],"replies":[{"embeddable":true,"href":"http:\/\/agnieszkakrawczyk.pl\/index.php?rest_route=%2Fwp%2Fv2%2Fcomments&post=258"}],"version-history":[{"count":7,"href":"http:\/\/agnieszkakrawczyk.pl\/index.php?rest_route=\/wp\/v2\/pages\/258\/revisions"}],"predecessor-version":[{"id":1166,"href":"http:\/\/agnieszkakrawczyk.pl\/index.php?rest_route=\/wp\/v2\/pages\/258\/revisions\/1166"}],"wp:attachment":[{"href":"http:\/\/agnieszkakrawczyk.pl\/index.php?rest_route=%2Fwp%2Fv2%2Fmedia&parent=258"}],"curies":[{"name":"wp","href":"https:\/\/api.w.org\/{rel}","templated":true}]}}