{"id":240,"date":"2015-06-21T17:33:07","date_gmt":"2015-06-21T17:33:07","guid":{"rendered":"http:\/\/agnieszkakrawczyk.pl\/?page_id=240"},"modified":"2022-04-07T09:16:55","modified_gmt":"2022-04-07T09:16:55","slug":"magiczne-miejsce","status":"publish","type":"page","link":"http:\/\/agnieszkakrawczyk.pl\/?page_id=240","title":{"rendered":"Magiczne miejsce"},"content":{"rendered":"\n<hr class=\"wp-block-separator\"\/>\n\n\n\n<p class=\"has-text-align-center\">Pierwsza cz\u0119\u015b\u0107 sagi <a href=\"http:\/\/agnieszkakrawczyk.pl\/?page_id=1156\">Magiczne miejsce<\/a><\/p>\n\n\n\n<div class=\"wp-block-image\"><figure class=\"aligncenter size-large\"><img loading=\"lazy\" width=\"230\" height=\"342\" src=\"http:\/\/agnieszkakrawczyk.pl\/wp-content\/uploads\/2020\/02\/magiczne-miejsce-ok\u0142adka.jpg\" alt=\"\" class=\"wp-image-761\" srcset=\"http:\/\/agnieszkakrawczyk.pl\/wp-content\/uploads\/2020\/02\/magiczne-miejsce-ok\u0142adka.jpg 230w, http:\/\/agnieszkakrawczyk.pl\/wp-content\/uploads\/2020\/02\/magiczne-miejsce-ok\u0142adka-202x300.jpg 202w\" sizes=\"(max-width: 230px) 100vw, 230px\" \/><\/figure><\/div>\n\n\n\n<div class=\"wp-block-image\"><figure class=\"aligncenter size-large\"><img loading=\"lazy\" width=\"559\" height=\"397\" src=\"http:\/\/agnieszkakrawczyk.pl\/wp-content\/uploads\/2020\/03\/magiczne_miejsce_wydania.jpg\" alt=\"\" class=\"wp-image-953\" srcset=\"http:\/\/agnieszkakrawczyk.pl\/wp-content\/uploads\/2020\/03\/magiczne_miejsce_wydania.jpg 559w, http:\/\/agnieszkakrawczyk.pl\/wp-content\/uploads\/2020\/03\/magiczne_miejsce_wydania-300x213.jpg 300w\" sizes=\"(max-width: 559px) 100vw, 559px\" \/><\/figure><\/div>\n\n\n\n<p> Witold Mossakowski, m\u0142ody pracownik ministerstwa przyje\u017cd\u017ca do Idy, bo tutaj kupi\u0142 podupadaj\u0105cy pa\u0142ac. Zrobi\u0142 to dla kaprysu, bez zastanowienia, ale to niezwyk\u0142e miejsce skrad\u0142o jego serce na zawsze. Nie tylko miejsce, ale i mieszkaj\u0105cy w nim ludzie \u2013 osoby niezwyk\u0142e i pe\u0142ne pasji, o oryginalnych zainteresowaniach. W jego \u017cyciu pojawia si\u0119 te\u017c urocza dziewczyna, Mila Bielak, wielbicielka kot\u00f3w i astronomii, kt\u00f3rej przesz\u0142o\u015b\u0107 kryje pewn\u0105 tajemnic\u0119\u2026 <\/p>\n\n\n\n<p> W\u0142a\u015bnie tutaj, w przepi\u0119knej dolinie pe\u0142nej kwiat\u00f3w, z kt\u00f3rych dawna w\u0142a\u015bcicielka pa\u0142acu, hrabina Tyczy\u0144ska, destyluje swe czarodziejskie perfumy, Witold zaczyna rozumie\u0107, co jest dla niego wa\u017cne. Poznaje prawdziw\u0105 poezj\u0119 \u017cycia, na kt\u00f3r\u0105 sk\u0142adaj\u0105 si\u0119 obrazy, barwy i zapachy, a tak\u017ce drobne codzienne rado\u015bci.<br>\u201eMagiczne miejsce\u201d to ujmuj\u0105ca historia o poszukiwaniu szcz\u0119\u015bcia i konieczno\u015bci pogodzenie si\u0119 ze sob\u0105 i ze swoimi wspomnieniami. \u017bycie naprawd\u0119 mo\u017ce si\u0119 zmieni\u0107 w jednej chwili, tylko trzeba umie\u0107 dostrzec, \u017ce ta chwila w\u0142a\u015bnie nadchodzi i cieszy\u0107 si\u0119 ni\u0105. <\/p>\n\n\n\n<div class=\"wp-block-image\"><figure class=\"aligncenter size-large\"><img loading=\"lazy\" width=\"169\" height=\"180\" src=\"http:\/\/agnieszkakrawczyk.pl\/wp-content\/uploads\/2020\/03\/pieczatka.jpg\" alt=\"\" class=\"wp-image-946\"\/><\/figure><\/div>\n\n\n\n<div class=\"wp-block-group\"><div class=\"wp-block-group__inner-container\">\n<hr class=\"wp-block-separator\"\/>\n\n\n\n<p>Recenzje:<\/p>\n\n\n\n<ul><li><a rel=\"noreferrer noopener\" aria-label=\"https:\/\/sztukater.pl\/ksiazki\/item\/8352-magiczne-miejsce.html (otwiera si\u0119 na nowej zak\u0142adce)\" href=\"https:\/\/sztukater.pl\/ksiazki\/item\/8352-magiczne-miejsce.html\" target=\"_blank\">https:\/\/sztukater.pl\/ksiazki\/item\/8352-magiczne-miejsce.html<\/a><\/li><li><a rel=\"noreferrer noopener\" aria-label=\"https:\/\/www.mojemaleczarowanie.pl\/2019\/06\/magiczne-miejsce-agnieszka-krawczyk.html (otwiera si\u0119 na nowej zak\u0142adce)\" href=\"https:\/\/www.mojemaleczarowanie.pl\/2019\/06\/magiczne-miejsce-agnieszka-krawczyk.html\" target=\"_blank\">https:\/\/www.mojemaleczarowanie.pl\/2019\/06\/magiczne-miejsce-agnieszka-krawczyk.html<\/a><\/li><li><a href=\"https:\/\/dropsksiazkowy.pl\/2020\/02\/28\/magiczne-miejsce-agnieszka-krawczyk\/\" target=\"_blank\" rel=\"noreferrer noopener\" aria-label=\"https:\/\/dropsksiazkowy.pl\/2020\/02\/28\/magiczne-miejsce-agnieszka-krawczyk\/ (otwiera si\u0119 na nowej zak\u0142adce)\">https:\/\/dropsksiazkowy.pl\/2020\/02\/28\/magiczne-miejsce-agnieszka-krawczyk\/<\/a><\/li><\/ul>\n<\/div><\/div>\n\n\n\n<hr class=\"wp-block-separator\"\/>\n\n\n<p><script type=\"text\/javascript\" src=\"https:\/\/buybox.click\/js\/bb-widget.min.js\" async=\"\"><\/script><\/p>\n<div class=\"bb-widget\" id=\"buybox-ryeq\" data-bb-id=\"9776\" data-bb-oid=\"106144323\"><\/div>\n\n\n\n<p>Audiobook dost\u0119pny r\u00f3wnie\u017c online w serwisach <a rel=\"noreferrer noopener\" aria-label=\"Storytel (otwiera si\u0119 na nowej zak\u0142adce)\" href=\"http:\/\/www.storytel.pl\" target=\"_blank\">Storytel<\/a> i <a rel=\"noreferrer noopener\" aria-label=\"Audioteka (otwiera si\u0119 na nowej zak\u0142adce)\" href=\"http:\/\/www.audioteka.com\" target=\"_blank\">Audioteka<\/a><\/p>\n\n\n\n<hr class=\"wp-block-separator\"\/>\n","protected":false},"excerpt":{"rendered":"<p>Pierwsza cz\u0119\u015b\u0107 sagi Magiczne miejsce Witold Mossakowski, m\u0142ody pracownik ministerstwa przyje\u017cd\u017ca do Idy, bo tutaj kupi\u0142 podupadaj\u0105cy pa\u0142ac. Zrobi\u0142 to dla kaprysu, bez zastanowienia, ale to niezwyk\u0142e miejsce skrad\u0142o jego serce na zawsze. Nie tylko miejsce, ale i mieszkaj\u0105cy w nim ludzie \u2013 osoby niezwyk\u0142e i pe\u0142ne pasji, o oryginalnych zainteresowaniach. W jego \u017cyciu pojawia si\u0119 te\u017c urocza dziewczyna, Mila&hellip;<\/p>\n","protected":false},"author":1,"featured_media":0,"parent":0,"menu_order":0,"comment_status":"open","ping_status":"open","template":"","meta":[],"_links":{"self":[{"href":"http:\/\/agnieszkakrawczyk.pl\/index.php?rest_route=\/wp\/v2\/pages\/240"}],"collection":[{"href":"http:\/\/agnieszkakrawczyk.pl\/index.php?rest_route=\/wp\/v2\/pages"}],"about":[{"href":"http:\/\/agnieszkakrawczyk.pl\/index.php?rest_route=\/wp\/v2\/types\/page"}],"author":[{"embeddable":true,"href":"http:\/\/agnieszkakrawczyk.pl\/index.php?rest_route=\/wp\/v2\/users\/1"}],"replies":[{"embeddable":true,"href":"http:\/\/agnieszkakrawczyk.pl\/index.php?rest_route=%2Fwp%2Fv2%2Fcomments&post=240"}],"version-history":[{"count":9,"href":"http:\/\/agnieszkakrawczyk.pl\/index.php?rest_route=\/wp\/v2\/pages\/240\/revisions"}],"predecessor-version":[{"id":1168,"href":"http:\/\/agnieszkakrawczyk.pl\/index.php?rest_route=\/wp\/v2\/pages\/240\/revisions\/1168"}],"wp:attachment":[{"href":"http:\/\/agnieszkakrawczyk.pl\/index.php?rest_route=%2Fwp%2Fv2%2Fmedia&parent=240"}],"curies":[{"name":"wp","href":"https:\/\/api.w.org\/{rel}","templated":true}]}}