{"id":171,"date":"2014-08-18T16:45:13","date_gmt":"2014-08-18T16:45:13","guid":{"rendered":"http:\/\/agnieszkakrawczyk.pl\/?page_id=171"},"modified":"2022-04-07T09:15:49","modified_gmt":"2022-04-07T09:15:49","slug":"dolina-mgiel-i-roz","status":"publish","type":"page","link":"http:\/\/agnieszkakrawczyk.pl\/?page_id=171","title":{"rendered":"Dolina mgie\u0142 i r\u00f3\u017c"},"content":{"rendered":"\n<hr class=\"wp-block-separator\"\/>\n\n\n\n<p class=\"has-text-align-center\">Druga cz\u0119\u015b\u0107 sagi <a href=\"http:\/\/agnieszkakrawczyk.pl\/?page_id=1156\">Magiczne miejsce<\/a><\/p>\n\n\n\n<div class=\"wp-block-image\"><figure class=\"aligncenter size-large\"><img loading=\"lazy\" width=\"230\" height=\"342\" src=\"http:\/\/agnieszkakrawczyk.pl\/wp-content\/uploads\/2020\/03\/dolina_mgiel_i_roz.jpg\" alt=\"\" class=\"wp-image-944\" srcset=\"http:\/\/agnieszkakrawczyk.pl\/wp-content\/uploads\/2020\/03\/dolina_mgiel_i_roz.jpg 230w, http:\/\/agnieszkakrawczyk.pl\/wp-content\/uploads\/2020\/03\/dolina_mgiel_i_roz-202x300.jpg 202w\" sizes=\"(max-width: 230px) 100vw, 230px\" \/><figcaption>wydanie I (2014)<\/figcaption><\/figure><\/div>\n\n\n\n<div class=\"wp-block-image\"><figure class=\"aligncenter size-full\"><a href=\"http:\/\/agnieszkakrawczyk.pl\/wp-content\/uploads\/2022\/04\/dolina_mgiel_i_roz_w2.jpg\"><img loading=\"lazy\" width=\"230\" height=\"342\" src=\"http:\/\/agnieszkakrawczyk.pl\/wp-content\/uploads\/2022\/04\/dolina_mgiel_i_roz_w2.jpg\" alt=\"\" class=\"wp-image-1141\" srcset=\"http:\/\/agnieszkakrawczyk.pl\/wp-content\/uploads\/2022\/04\/dolina_mgiel_i_roz_w2.jpg 230w, http:\/\/agnieszkakrawczyk.pl\/wp-content\/uploads\/2022\/04\/dolina_mgiel_i_roz_w2-202x300.jpg 202w\" sizes=\"(max-width: 230px) 100vw, 230px\" \/><\/a><figcaption>wydanie II (2020)<\/figcaption><\/figure><\/div>\n\n\n\n<p> Pewnego wieczoru pod koniec lata Sabina Po\u0142udniewska stan\u0119\u0142a w drzwiach pa\u0142acyku<br>\u201ePod Graalem i R\u00f3\u017c\u0105\u201d Potrzebowa\u0142a natchnienia, kt\u00f3re pozwoli jej sko\u0144czy\u0107 kolejn\u0105 powie\u015b\u0107. Gospodyni\u0105 pensjonatu okaza\u0142a si\u0119 sympatyczna Mila Mossakowska, a jego go\u015b\u0107mi, ekscentryczna kuzynka Carmen, profesor Niewiara, wyj\u0105tkowy orygina\u0142,<br>oraz pu\u0142kownik Janicki, leciwy m\u0119\u017cczyzna, kt\u00f3ry nie straci\u0142 m\u0142odzie\u0144czego wigoru. <\/p>\n\n\n\n<p> Sabina podda\u0142a si\u0119 urokowi pi\u0119knej doliny i czarowi jej mieszka\u0144c\u00f3w. Dzie\u0144 po dniu otwiera\u0142a si\u0119 na nowe doznania, a \u015bwiat stawa\u0142 si\u0119 pi\u0119kniejszy.<br>Zawi\u0105za\u0142a przyja\u017a\u0144 z Tekl\u0105 Tyczy\u0144sk\u0105, hrabin\u0105, kt\u00f3ra stworzy\u0142a osza\u0142amiaj\u0105ce r\u00f3\u017cane kosmetyki. Spotka\u0142a przyjaciela, lekarza, wdowca, kt\u00f3ry samotnie wychowywa\u0142 c\u00f3reczk\u0119, Julink\u0119. <\/p>\n\n\n\n<p> Sabina znalaz\u0142a wi\u0119cej, ni\u017c mog\u0142a by marzy\u0107. Ale przyszed\u0142 dzie\u0144 wyboru. Czy pi\u0119kna pisarka pos\u0142ucha g\u0142osu serca? <\/p>\n\n\n\n<div class=\"wp-block-image\"><figure class=\"aligncenter size-large\"><img loading=\"lazy\" width=\"169\" height=\"180\" src=\"http:\/\/agnieszkakrawczyk.pl\/wp-content\/uploads\/2020\/03\/pieczatka.jpg\" alt=\"\" class=\"wp-image-946\"\/><\/figure><\/div>\n\n\n\n<hr class=\"wp-block-separator\"\/>\n\n\n\n<div class=\"wp-block-group\"><div class=\"wp-block-group__inner-container\">\n<p>Recenzje:<\/p>\n\n\n\n<ul><li><a rel=\"noreferrer noopener\" aria-label=\"https:\/\/dropsksiazkowy.pl\/2016\/07\/07\/dolina-mgie-i-roz-agnieszka-krawczyk\/ (otwiera si\u0119 na nowej zak\u0142adce)\" href=\"https:\/\/dropsksiazkowy.pl\/2016\/07\/07\/dolina-mgie-i-roz-agnieszka-krawczyk\/\" target=\"_blank\">https:\/\/dropsksiazkowy.pl\/2016\/07\/07\/dolina-mgie-i-roz-agnieszka-krawczyk\/<\/a><\/li><li><a rel=\"noreferrer noopener\" aria-label=\"https:\/\/www.mojemaleczarowanie.pl\/2019\/06\/dolina-mgie-i-roz-agnieszka-krawczyk.html (otwiera si\u0119 na nowej zak\u0142adce)\" href=\"https:\/\/www.mojemaleczarowanie.pl\/2019\/06\/dolina-mgie-i-roz-agnieszka-krawczyk.html\" target=\"_blank\">https:\/\/www.mojemaleczarowanie.pl\/2019\/06\/dolina-mgie-i-roz-agnieszka-krawczyk.html<\/a><\/li><li><a rel=\"noreferrer noopener\" aria-label=\"http:\/\/asymaka.blogspot.com\/2014\/09\/dolina-mgie-i-roz-agnieszka-krawczyk.html (otwiera si\u0119 na nowej zak\u0142adce)\" href=\"http:\/\/asymaka.blogspot.com\/2014\/09\/dolina-mgie-i-roz-agnieszka-krawczyk.html\" target=\"_blank\">http:\/\/asymaka.blogspot.com\/2014\/09\/dolina-mgie-i-roz-agnieszka-krawczyk.html<\/a><\/li><li><a href=\"https:\/\/www.granice.pl\/recenzja\/dolina-mgiel-i-roz\/11540\" target=\"_blank\" rel=\"noreferrer noopener\" aria-label=\"https:\/\/www.granice.pl\/recenzja\/dolina-mgiel-i-roz\/11540 (otwiera si\u0119 na nowej zak\u0142adce)\">https:\/\/www.granice.pl\/recenzja\/dolina-mgiel-i-roz\/11540<\/a><\/li><\/ul>\n<\/div><\/div>\n\n\n\n<hr class=\"wp-block-separator\"\/>\n\n\n<p><script type=\"text\/javascript\" src=\"https:\/\/buybox.click\/js\/bb-widget.min.js\" async=\"\"><\/script><\/p>\n<div class=\"bb-widget\" id=\"buybox-9taj\" data-bb-id=\"9776\" data-bb-oid=\"2749325\"><\/div>\n\n\n\n<p> Audiobook dost\u0119pny r\u00f3wnie\u017c online w serwisach <a rel=\"noreferrer noopener\" href=\"http:\/\/www.storytel.pl\" target=\"_blank\">Storytel<\/a> i <a rel=\"noreferrer noopener\" href=\"http:\/\/www.audioteka.com\" target=\"_blank\">Audioteka<\/a> <\/p>\n\n\n\n<hr class=\"wp-block-separator\"\/>\n","protected":false},"excerpt":{"rendered":"<p>Druga cz\u0119\u015b\u0107 sagi Magiczne miejsce Pewnego wieczoru pod koniec lata Sabina Po\u0142udniewska stan\u0119\u0142a w drzwiach pa\u0142acyku\u201ePod Graalem i R\u00f3\u017c\u0105\u201d Potrzebowa\u0142a natchnienia, kt\u00f3re pozwoli jej sko\u0144czy\u0107 kolejn\u0105 powie\u015b\u0107. Gospodyni\u0105 pensjonatu okaza\u0142a si\u0119 sympatyczna Mila Mossakowska, a jego go\u015b\u0107mi, ekscentryczna kuzynka Carmen, profesor Niewiara, wyj\u0105tkowy orygina\u0142,oraz pu\u0142kownik Janicki, leciwy m\u0119\u017cczyzna, kt\u00f3ry nie straci\u0142 m\u0142odzie\u0144czego wigoru. Sabina podda\u0142a si\u0119 urokowi pi\u0119knej doliny i&hellip;<\/p>\n","protected":false},"author":1,"featured_media":0,"parent":0,"menu_order":0,"comment_status":"open","ping_status":"open","template":"","meta":[],"_links":{"self":[{"href":"http:\/\/agnieszkakrawczyk.pl\/index.php?rest_route=\/wp\/v2\/pages\/171"}],"collection":[{"href":"http:\/\/agnieszkakrawczyk.pl\/index.php?rest_route=\/wp\/v2\/pages"}],"about":[{"href":"http:\/\/agnieszkakrawczyk.pl\/index.php?rest_route=\/wp\/v2\/types\/page"}],"author":[{"embeddable":true,"href":"http:\/\/agnieszkakrawczyk.pl\/index.php?rest_route=\/wp\/v2\/users\/1"}],"replies":[{"embeddable":true,"href":"http:\/\/agnieszkakrawczyk.pl\/index.php?rest_route=%2Fwp%2Fv2%2Fcomments&post=171"}],"version-history":[{"count":10,"href":"http:\/\/agnieszkakrawczyk.pl\/index.php?rest_route=\/wp\/v2\/pages\/171\/revisions"}],"predecessor-version":[{"id":1164,"href":"http:\/\/agnieszkakrawczyk.pl\/index.php?rest_route=\/wp\/v2\/pages\/171\/revisions\/1164"}],"wp:attachment":[{"href":"http:\/\/agnieszkakrawczyk.pl\/index.php?rest_route=%2Fwp%2Fv2%2Fmedia&parent=171"}],"curies":[{"name":"wp","href":"https:\/\/api.w.org\/{rel}","templated":true}]}}