{"id":1156,"date":"2022-04-07T09:11:32","date_gmt":"2022-04-07T09:11:32","guid":{"rendered":"http:\/\/agnieszkakrawczyk.pl\/?page_id=1156"},"modified":"2022-04-07T09:11:33","modified_gmt":"2022-04-07T09:11:33","slug":"seria-magiczne-miejsce","status":"publish","type":"page","link":"http:\/\/agnieszkakrawczyk.pl\/?page_id=1156","title":{"rendered":"Seria Magiczne miejsce"},"content":{"rendered":"\n<hr class=\"wp-block-separator\"\/>\n\n\n\n<p>\u201eMagiczne miejsce\u201d to ujmuj\u0105ca seria ksi\u0105\u017cek o poszukiwaniu szcz\u0119\u015bcia i konieczno\u015bci pogodzenie si\u0119 ze sob\u0105 i ze swoimi wspomnieniami. \u017bycie naprawd\u0119 mo\u017ce si\u0119 zmieni\u0107 w jednej chwili, tylko trzeba umie\u0107 dostrzec, \u017ce ta chwila w\u0142a\u015bnie nadchodzi i cieszy\u0107 si\u0119 ni\u0105.<\/p>\n\n\n\n<div class=\"wp-block-image\"><figure class=\"aligncenter size-full\"><a href=\"http:\/\/agnieszkakrawczyk.pl\/wp-content\/uploads\/2022\/04\/magiczne_miejsce_pakiet.jpg\"><img loading=\"lazy\" width=\"230\" height=\"342\" src=\"http:\/\/agnieszkakrawczyk.pl\/wp-content\/uploads\/2022\/04\/magiczne_miejsce_pakiet.jpg\" alt=\"\" class=\"wp-image-1158\" srcset=\"http:\/\/agnieszkakrawczyk.pl\/wp-content\/uploads\/2022\/04\/magiczne_miejsce_pakiet.jpg 230w, http:\/\/agnieszkakrawczyk.pl\/wp-content\/uploads\/2022\/04\/magiczne_miejsce_pakiet-202x300.jpg 202w\" sizes=\"(max-width: 230px) 100vw, 230px\" \/><\/a><\/figure><\/div>\n\n\n\n<p>Witold Mossakowski, m\u0142ody pracownik ministerstwa, przyje\u017cd\u017ca do Idy, bo tutaj kupi\u0142 podupadaj\u0105cy pa\u0142ac. To magiczne miejsce skrad\u0142o jego serce na zawsze. Nie tylko ono, ale i mieszkaj\u0105cy w nim ludzie \u2013 osoby nietuzinkowe i pe\u0142ne pasji, o oryginalnych zainteresowaniach. W jego \u017cyciu pojawia si\u0119 te\u017c urocza dziewczyna, Mila Bielak, wielbicielka kot\u00f3w i astronomii, kt\u00f3rej przesz\u0142o\u015b\u0107 kryje pewn\u0105 tajemnic\u0119\u2026<br>W\u0142a\u015bnie tutaj, w przepi\u0119knej dolinie pe\u0142nej kwiat\u00f3w, z kt\u00f3rych dawna w\u0142a\u015bcicielka pa\u0142acu, hrabina Tyczy\u0144ska, destyluje swe czarodziejskie perfumy, Witold zaczyna rozumie\u0107, co jest dla niego wa\u017cne.<\/p>\n\n\n\n<p>Na seri\u0119 sk\u0142adaj\u0105 si\u0119 cztery tomy &#8211; kolejno: <a href=\"http:\/\/agnieszkakrawczyk.pl\/?page_id=240\">Magiczne miejsce<\/a>, <a href=\"http:\/\/agnieszkakrawczyk.pl\/?page_id=171\">Dolina mgie\u0142 i r\u00f3\u017c<\/a>, <a href=\"http:\/\/agnieszkakrawczyk.pl\/?page_id=238\">Ogr\u00f3d ksi\u0119\u017cycowy<\/a>, <a href=\"http:\/\/agnieszkakrawczyk.pl\/?page_id=258\">Jezioro szcz\u0119\u015bcia<\/a>. <\/p>\n\n\n\n<div class=\"wp-block-image\"><figure class=\"aligncenter size-full\"><a href=\"http:\/\/agnieszkakrawczyk.pl\/wp-content\/uploads\/2020\/03\/pieczatka.jpg\"><img loading=\"lazy\" width=\"169\" height=\"180\" src=\"http:\/\/agnieszkakrawczyk.pl\/wp-content\/uploads\/2020\/03\/pieczatka.jpg\" alt=\"\" class=\"wp-image-946\"\/><\/a><\/figure><\/div>\n\n\n\n<hr class=\"wp-block-separator\"\/>\n\n\n\n<p>Gdzie kupi\u0107?<\/p>\n\n\n<p><script src=\"https:\/\/buybox.click\/js\/widget.min.js\"><\/script><br \/>\n<span class=\"bb-widget\" id=\"buybox-z0x0\" data-bb-id=\"9776\" data-bb-oid=\"154522102\" data-bb-show-extra=\"false\"><\/span><\/p>\n","protected":false},"excerpt":{"rendered":"<p>\u201eMagiczne miejsce\u201d to ujmuj\u0105ca seria ksi\u0105\u017cek o poszukiwaniu szcz\u0119\u015bcia i konieczno\u015bci pogodzenie si\u0119 ze sob\u0105 i ze swoimi wspomnieniami. \u017bycie naprawd\u0119 mo\u017ce si\u0119 zmieni\u0107 w jednej chwili, tylko trzeba umie\u0107 dostrzec, \u017ce ta chwila w\u0142a\u015bnie nadchodzi i cieszy\u0107 si\u0119 ni\u0105. Witold Mossakowski, m\u0142ody pracownik ministerstwa, przyje\u017cd\u017ca do Idy, bo tutaj kupi\u0142 podupadaj\u0105cy pa\u0142ac. To magiczne miejsce skrad\u0142o jego serce na&hellip;<\/p>\n","protected":false},"author":1,"featured_media":0,"parent":0,"menu_order":0,"comment_status":"closed","ping_status":"closed","template":"","meta":[],"_links":{"self":[{"href":"http:\/\/agnieszkakrawczyk.pl\/index.php?rest_route=\/wp\/v2\/pages\/1156"}],"collection":[{"href":"http:\/\/agnieszkakrawczyk.pl\/index.php?rest_route=\/wp\/v2\/pages"}],"about":[{"href":"http:\/\/agnieszkakrawczyk.pl\/index.php?rest_route=\/wp\/v2\/types\/page"}],"author":[{"embeddable":true,"href":"http:\/\/agnieszkakrawczyk.pl\/index.php?rest_route=\/wp\/v2\/users\/1"}],"replies":[{"embeddable":true,"href":"http:\/\/agnieszkakrawczyk.pl\/index.php?rest_route=%2Fwp%2Fv2%2Fcomments&post=1156"}],"version-history":[{"count":4,"href":"http:\/\/agnieszkakrawczyk.pl\/index.php?rest_route=\/wp\/v2\/pages\/1156\/revisions"}],"predecessor-version":[{"id":1161,"href":"http:\/\/agnieszkakrawczyk.pl\/index.php?rest_route=\/wp\/v2\/pages\/1156\/revisions\/1161"}],"wp:attachment":[{"href":"http:\/\/agnieszkakrawczyk.pl\/index.php?rest_route=%2Fwp%2Fv2%2Fmedia&parent=1156"}],"curies":[{"name":"wp","href":"https:\/\/api.w.org\/{rel}","templated":true}]}}