{"id":1107,"date":"2022-04-06T10:02:17","date_gmt":"2022-04-06T10:02:17","guid":{"rendered":"http:\/\/agnieszkakrawczyk.pl\/?page_id=1107"},"modified":"2022-04-06T10:35:09","modified_gmt":"2022-04-06T10:35:09","slug":"saga-ulica-wierzbowa","status":"publish","type":"page","link":"http:\/\/agnieszkakrawczyk.pl\/?page_id=1107","title":{"rendered":"Saga Ulica Wierzbowa"},"content":{"rendered":"\n<hr class=\"wp-block-separator\"\/>\n\n\n\n<p class=\"has-text-align-center\">Trzytomowa saga o losach mieszka\u0144c\u00f3w tytu\u0142owej ulicy Wierzbowej : <a href=\"http:\/\/agnieszkakrawczyk.pl\/?page_id=1018\">Najmilszy prezent<\/a>, <a href=\"http:\/\/agnieszkakrawczyk.pl\/?page_id=1044\">Zawsze w por\u0119<\/a>, <a href=\"http:\/\/agnieszkakrawczyk.pl\/?page_id=1058\">Marzenia, kt\u00f3re si\u0119 spe\u0142niaj\u0105<\/a><\/p>\n\n\n\n<div class=\"wp-block-image\"><figure class=\"aligncenter size-full\"><a href=\"http:\/\/agnieszkakrawczyk.pl\/wp-content\/uploads\/2022\/04\/ulica_wierzbowa.jpg\"><img loading=\"lazy\" width=\"230\" height=\"342\" src=\"http:\/\/agnieszkakrawczyk.pl\/wp-content\/uploads\/2022\/04\/ulica_wierzbowa.jpg\" alt=\"\" class=\"wp-image-1109\" srcset=\"http:\/\/agnieszkakrawczyk.pl\/wp-content\/uploads\/2022\/04\/ulica_wierzbowa.jpg 230w, http:\/\/agnieszkakrawczyk.pl\/wp-content\/uploads\/2022\/04\/ulica_wierzbowa-202x300.jpg 202w\" sizes=\"(max-width: 230px) 100vw, 230px\" \/><\/a><\/figure><\/div>\n\n\n\n<hr class=\"wp-block-separator\"\/>\n\n\n\n<p>Pe\u0142ne uczu\u0107 i wzrusze\u0144 opowie\u015bci o tym, \u017ce \u015bwiat nas kocha, wystarczy tylko przystan\u0105\u0107 i ws\u0142ucha\u0107 si\u0119 w jego g\u0142os. Otworzy\u0107 si\u0119 na emocje i odwa\u017cy\u0107 si\u0119 czerpa\u0107 z \u017cycia pe\u0142nymi gar\u015bciami, nie ogl\u0105daj\u0105c si\u0119 za siebie.<br>Wci\u0105gaj\u0105ce opowie\u015bci o ludziach, kt\u00f3rzy walcz\u0105 o swoje szcz\u0119\u015bcie i wierz\u0105, \u017ce \u017cycie pisze dla nich dobry scenariusz. I cho\u0107 teraz pada deszcz, wkr\u00f3tce musi za\u015bwieci\u0107 s\u0142o\u0144ce. Bo na \u015bwiecie ka\u017cda sprawa ma sw\u00f3j czas i nie dzieje si\u0119 bez przyczyny. Wa\u017cne, \u017ceby mie\u0107 nadziej\u0119, i\u017c prowadzi nas pomy\u015blna gwiazda. I \u017ce pewne rzeczy zawsze przychodz\u0105 w por\u0119. Nawet je\u015bli w tym momencie ich nie oczekujemy.<\/p>\n\n\n\n<div class=\"wp-block-image\"><figure class=\"aligncenter size-full\"><a href=\"http:\/\/agnieszkakrawczyk.pl\/wp-content\/uploads\/2020\/03\/pieczatka.jpg\"><img loading=\"lazy\" width=\"169\" height=\"180\" src=\"http:\/\/agnieszkakrawczyk.pl\/wp-content\/uploads\/2020\/03\/pieczatka.jpg\" alt=\"\" class=\"wp-image-946\"\/><\/a><\/figure><\/div>\n\n\n\n<hr class=\"wp-block-separator\"\/>\n\n\n\n<p>Gdzie kupi\u0107?<\/p>\n\n\n<p><script src=\"https:\/\/buybox.click\/js\/widget.min.js\"><\/script><br \/>\n<span class=\"bb-widget\" id=\"buybox-hxiz\" data-bb-id=\"9776\" data-bb-oid=\"134406067\" data-bb-show-extra=\"false\"><\/span><\/p>\n","protected":false},"excerpt":{"rendered":"<p>Trzytomowa saga o losach mieszka\u0144c\u00f3w tytu\u0142owej ulicy Wierzbowej : Najmilszy prezent, Zawsze w por\u0119, Marzenia, kt\u00f3re si\u0119 spe\u0142niaj\u0105 Pe\u0142ne uczu\u0107 i wzrusze\u0144 opowie\u015bci o tym, \u017ce \u015bwiat nas kocha, wystarczy tylko przystan\u0105\u0107 i ws\u0142ucha\u0107 si\u0119 w jego g\u0142os. Otworzy\u0107 si\u0119 na emocje i odwa\u017cy\u0107 si\u0119 czerpa\u0107 z \u017cycia pe\u0142nymi gar\u015bciami, nie ogl\u0105daj\u0105c si\u0119 za siebie.Wci\u0105gaj\u0105ce opowie\u015bci o ludziach, kt\u00f3rzy walcz\u0105&hellip;<\/p>\n","protected":false},"author":1,"featured_media":0,"parent":0,"menu_order":0,"comment_status":"open","ping_status":"closed","template":"","meta":[],"_links":{"self":[{"href":"http:\/\/agnieszkakrawczyk.pl\/index.php?rest_route=\/wp\/v2\/pages\/1107"}],"collection":[{"href":"http:\/\/agnieszkakrawczyk.pl\/index.php?rest_route=\/wp\/v2\/pages"}],"about":[{"href":"http:\/\/agnieszkakrawczyk.pl\/index.php?rest_route=\/wp\/v2\/types\/page"}],"author":[{"embeddable":true,"href":"http:\/\/agnieszkakrawczyk.pl\/index.php?rest_route=\/wp\/v2\/users\/1"}],"replies":[{"embeddable":true,"href":"http:\/\/agnieszkakrawczyk.pl\/index.php?rest_route=%2Fwp%2Fv2%2Fcomments&post=1107"}],"version-history":[{"count":11,"href":"http:\/\/agnieszkakrawczyk.pl\/index.php?rest_route=\/wp\/v2\/pages\/1107\/revisions"}],"predecessor-version":[{"id":1131,"href":"http:\/\/agnieszkakrawczyk.pl\/index.php?rest_route=\/wp\/v2\/pages\/1107\/revisions\/1131"}],"wp:attachment":[{"href":"http:\/\/agnieszkakrawczyk.pl\/index.php?rest_route=%2Fwp%2Fv2%2Fmedia&parent=1107"}],"curies":[{"name":"wp","href":"https:\/\/api.w.org\/{rel}","templated":true}]}}