{"id":1058,"date":"2020-09-25T08:25:27","date_gmt":"2020-09-25T08:25:27","guid":{"rendered":"http:\/\/agnieszkakrawczyk.pl\/?page_id=1058"},"modified":"2022-04-06T10:23:17","modified_gmt":"2022-04-06T10:23:17","slug":"marzenia-ktore-sie-spelniaja","status":"publish","type":"page","link":"http:\/\/agnieszkakrawczyk.pl\/?page_id=1058","title":{"rendered":"Marzenia, kt\u00f3re si\u0119 spe\u0142niaj\u0105"},"content":{"rendered":"\n<hr class=\"wp-block-separator\"\/>\n\n\n\n<p class=\"has-text-align-center\"> Trzecia cz\u0119\u015b\u0107 sagi &#8222;<a href=\"http:\/\/agnieszkakrawczyk.pl\/?page_id=1107\">Ulica Wierzbowa<\/a>&#8221; <\/p>\n\n\n\n<div class=\"wp-block-image\"><figure class=\"aligncenter size-large\"><img loading=\"lazy\" width=\"230\" height=\"342\" src=\"http:\/\/agnieszkakrawczyk.pl\/wp-content\/uploads\/2020\/09\/Marzenia_ktore.jpg\" alt=\"\" class=\"wp-image-1060\" srcset=\"http:\/\/agnieszkakrawczyk.pl\/wp-content\/uploads\/2020\/09\/Marzenia_ktore.jpg 230w, http:\/\/agnieszkakrawczyk.pl\/wp-content\/uploads\/2020\/09\/Marzenia_ktore-202x300.jpg 202w\" sizes=\"(max-width: 230px) 100vw, 230px\" \/><\/figure><\/div>\n\n\n\n<p> S\u0105 marzenia, kt\u00f3re si\u0119 spe\u0142niaj\u0105. Trzeba walczy\u0107 o ich urzeczywistnienie i nigdy si\u0119 nie poddawa\u0107.<br> <br> Mieszka\u0144cy ulicy Wierzbowej musz\u0105 si\u0119 zmierzy\u0107 z r\u00f3\u017cnymi problemami. Ich  \u017cycie ulega zmianie, wiele spraw domaga si\u0119 wyja\u015bnienia; s\u0105 uczucia,  kt\u00f3re musz\u0105 si\u0119 ujawni\u0107, a s\u0142owa wybrzmie\u0107. Hanna Jawi\u0144ska walczy o  swoje dzieci i zastanawia si\u0119, czy mo\u017ce jeszcze liczy\u0107 na mi\u0142o\u015b\u0107. Stary  ogrodnik, Zygmunt Wyrwa, z trudem dochodzi do siebie po wielkiej  tragedii, kt\u00f3r\u0105 prze\u017cy\u0142. Czy jego los si\u0119 odmieni i zazna jeszcze  rado\u015bci i spokoju?<br> <br> Inga O\u0142awska nieustannie spiera si\u0119 z bratem, nie pochwalaj\u0105c jego  wybor\u00f3w. Ka\u017cdy z bohater\u00f3w szuka swego miejsca w \u015bwiecie i szcz\u0119\u015bcia,  kt\u00f3rego pragnie. Po burzach przychodz\u0105 jednak przeja\u015bnienia, a s\u0142oneczna  pogoda daje nadziej\u0119 na osi\u0105gni\u0119cie bezpiecznego portu.<br> Wzruszaj\u0105ca i pe\u0142na ciep\u0142a opowie\u015b\u0107 o zwyk\u0142ych ludziach, kt\u00f3rzy zawsze kieruj\u0105 si\u0119 sercem, poniewa\u017c wskazuje im w\u0142a\u015bciw\u0105 drog\u0119. <\/p>\n\n\n\n<div class=\"wp-block-image\"><figure class=\"aligncenter size-large\"><img loading=\"lazy\" width=\"169\" height=\"180\" src=\"http:\/\/agnieszkakrawczyk.pl\/wp-content\/uploads\/2020\/03\/pieczatka.jpg\" alt=\"\" class=\"wp-image-946\"\/><\/figure><\/div>\n\n\n\n<hr class=\"wp-block-separator\"\/>\n\n\n\n<div class=\"wp-block-group\"><div class=\"wp-block-group__inner-container\">\n<p>Recenzje:<\/p>\n\n\n\n<ul><li><a rel=\"noreferrer noopener\" aria-label=\"https:\/\/nakanapie.pl\/recenzje\/masz-marzenia-walcz-o-nie-marzenia-ktore-sie-spelniaja (otwiera si\u0119 na nowej zak\u0142adce)\" href=\"https:\/\/nakanapie.pl\/recenzje\/masz-marzenia-walcz-o-nie-marzenia-ktore-sie-spelniaja\" target=\"_blank\">https:\/\/nakanapie.pl\/recenzje\/masz-marzenia-walcz-o-nie-marzenia-ktore-sie-spelniaja<\/a><\/li><li><a rel=\"noreferrer noopener\" aria-label=\"http:\/\/ukatji.blogspot.com\/2020\/09\/marzenia-ktore-sie-speniaja-agnieszka.html (otwiera si\u0119 na nowej zak\u0142adce)\" href=\"http:\/\/ukatji.blogspot.com\/2020\/09\/marzenia-ktore-sie-speniaja-agnieszka.html\" target=\"_blank\">http:\/\/ukatji.blogspot.com\/2020\/09\/marzenia-ktore-sie-speniaja-agnieszka.html<\/a><\/li><li><a rel=\"noreferrer noopener\" aria-label=\"https:\/\/poczytajka594822357.wordpress.com\/ (otwiera si\u0119 na nowej zak\u0142adce)\" href=\"https:\/\/poczytajka594822357.wordpress.com\/\" target=\"_blank\">https:\/\/poczytajka594822357.wordpress.com\/<\/a><\/li><li><a href=\"http:\/\/recenzje-kiti.blogspot.com\/2020\/09\/marzenia-ktore-sie-speniaja-agnieszka.html\" target=\"_blank\" rel=\"noreferrer noopener\" aria-label=\"http:\/\/recenzje-kiti.blogspot.com\/2020\/09\/marzenia-ktore-sie-speniaja-agnieszka.html (otwiera si\u0119 na nowej zak\u0142adce)\">http:\/\/recenzje-kiti.blogspot.com\/2020\/09\/marzenia-ktore-sie-speniaja-agnieszka.html<\/a><\/li><\/ul>\n<\/div><\/div>\n\n\n<p><script type=\"text\/javascript\" src=\"https:\/\/buybox.click\/js\/bb-widget.min.js\" async=\"\"><\/script><\/p>\n<div class=\"bb-widget\" id=\"buybox-a60z\" data-bb-id=\"9776\" data-bb-oid=\"130176681\"><\/div>\n\n\n\n<p><\/p>\n","protected":false},"excerpt":{"rendered":"<p>Trzecia cz\u0119\u015b\u0107 sagi &#8222;Ulica Wierzbowa&#8221; S\u0105 marzenia, kt\u00f3re si\u0119 spe\u0142niaj\u0105. Trzeba walczy\u0107 o ich urzeczywistnienie i nigdy si\u0119 nie poddawa\u0107. Mieszka\u0144cy ulicy Wierzbowej musz\u0105 si\u0119 zmierzy\u0107 z r\u00f3\u017cnymi problemami. Ich \u017cycie ulega zmianie, wiele spraw domaga si\u0119 wyja\u015bnienia; s\u0105 uczucia, kt\u00f3re musz\u0105 si\u0119 ujawni\u0107, a s\u0142owa wybrzmie\u0107. Hanna Jawi\u0144ska walczy o swoje dzieci i zastanawia si\u0119, czy mo\u017ce jeszcze liczy\u0107&hellip;<\/p>\n","protected":false},"author":1,"featured_media":0,"parent":0,"menu_order":0,"comment_status":"closed","ping_status":"closed","template":"","meta":[],"_links":{"self":[{"href":"http:\/\/agnieszkakrawczyk.pl\/index.php?rest_route=\/wp\/v2\/pages\/1058"}],"collection":[{"href":"http:\/\/agnieszkakrawczyk.pl\/index.php?rest_route=\/wp\/v2\/pages"}],"about":[{"href":"http:\/\/agnieszkakrawczyk.pl\/index.php?rest_route=\/wp\/v2\/types\/page"}],"author":[{"embeddable":true,"href":"http:\/\/agnieszkakrawczyk.pl\/index.php?rest_route=\/wp\/v2\/users\/1"}],"replies":[{"embeddable":true,"href":"http:\/\/agnieszkakrawczyk.pl\/index.php?rest_route=%2Fwp%2Fv2%2Fcomments&post=1058"}],"version-history":[{"count":5,"href":"http:\/\/agnieszkakrawczyk.pl\/index.php?rest_route=\/wp\/v2\/pages\/1058\/revisions"}],"predecessor-version":[{"id":1128,"href":"http:\/\/agnieszkakrawczyk.pl\/index.php?rest_route=\/wp\/v2\/pages\/1058\/revisions\/1128"}],"wp:attachment":[{"href":"http:\/\/agnieszkakrawczyk.pl\/index.php?rest_route=%2Fwp%2Fv2%2Fmedia&parent=1058"}],"curies":[{"name":"wp","href":"https:\/\/api.w.org\/{rel}","templated":true}]}}