{"id":1044,"date":"2020-05-27T15:54:37","date_gmt":"2020-05-27T15:54:37","guid":{"rendered":"http:\/\/agnieszkakrawczyk.pl\/?page_id=1044"},"modified":"2022-04-06T10:21:14","modified_gmt":"2022-04-06T10:21:14","slug":"zawsze-w-pore","status":"publish","type":"page","link":"http:\/\/agnieszkakrawczyk.pl\/?page_id=1044","title":{"rendered":"Zawsze w por\u0119"},"content":{"rendered":"\n<hr class=\"wp-block-separator\"\/>\n\n\n\n<p class=\"has-text-align-center\">Druga cz\u0119\u015b\u0107 sagi &#8222;<a href=\"http:\/\/agnieszkakrawczyk.pl\/?page_id=1107\">Ulica Wierzbowa<\/a>&#8222;<\/p>\n\n\n\n<div class=\"wp-block-image\"><figure class=\"aligncenter size-large\"><img loading=\"lazy\" width=\"230\" height=\"342\" src=\"http:\/\/agnieszkakrawczyk.pl\/wp-content\/uploads\/2020\/05\/zawsze_w_pore.jpg\" alt=\"\" class=\"wp-image-1046\" srcset=\"http:\/\/agnieszkakrawczyk.pl\/wp-content\/uploads\/2020\/05\/zawsze_w_pore.jpg 230w, http:\/\/agnieszkakrawczyk.pl\/wp-content\/uploads\/2020\/05\/zawsze_w_pore-202x300.jpg 202w\" sizes=\"(max-width: 230px) 100vw, 230px\" \/><\/figure><\/div>\n\n\n\n<p>Na ulicy Wierzbowej szcz\u0119\u015bliwe chwile splataj\u0105 si\u0119 z tymi trudnymi: mi\u0142o\u015b\u0107 z rozczarowaniem, rado\u015b\u0107 ze smutkiem. Ka\u017cdy z s\u0105siad\u00f3w musi si\u0119 zmierzy\u0107 z nie\u0142atwym wyzwaniem. Hanna Jawi\u0144ska staje na rozdro\u017cu. Razem z dzie\u0107mi opuszcza sw\u00f3j pi\u0119kny dom i przenosi si\u0119 do wilii pani Flory. Jak potoczy si\u0119 \u017cycie m\u0142odej kobiety? Czy otworzy si\u0119 na now\u0105 mi\u0142o\u015b\u0107? I kogo wybierze, bo o jej zainteresowanie walcz\u0105 dwaj m\u0119\u017cczy\u017ani.<br>\nJoli Cieplik przytrafia si\u0119 niefortunny wypadek, a jej siostrzenica Nika, cho\u0107 wreszcie czuje si\u0119 potrzebna, to wci\u0105\u017c nie potrafi upora\u0107 si\u0119 ze swoimi skomplikowanymi uczuciami. W szklarni Zygmunta zaczyna si\u0119 wiosna. Czy zawita r\u00f3wnie\u017c do jego serca? Mieszka\u0144cy ulicy b\u0119d\u0105 zaskoczeni, jakie niespodzianki szykuje dla nich los.<br>\nMiasteczko tak\u017ce czekaj\u0105 zmiany, a nie wszystkie mo\u017cna zaakceptowa\u0107. Tylko czy spo\u0142eczno\u015b\u0107 b\u0119dzie potrafi\u0142a si\u0119 zjednoczy\u0107 i wsp\u00f3lnie pokona\u0107 przeciwno\u015bci?<br>\nWci\u0105gaj\u0105ca opowie\u015b\u0107 o ludziach, kt\u00f3rzy walcz\u0105 o swoje szcz\u0119\u015bcie i wierz\u0105, \u017ce \u017cycie pisze dla nich dobry scenariusz. I cho\u0107 teraz pada deszcz, wkr\u00f3tce musi za\u015bwieci\u0107 s\u0142o\u0144ce. Bo na \u015bwiecie ka\u017cda sprawa ma sw\u00f3j czas, nie dzieje si\u0119 bez przyczyny. Wa\u017cne, \u017ceby mie\u0107 nadziej\u0119, i\u017c prowadzi nas pomy\u015blna gwiazda. I \u017ce pewne rzeczy zawsze przychodz\u0105 w por\u0119. Nawet je\u015bli w tym momencie ich nie oczekujemy.<\/p>\n\n\n\n<div class=\"wp-block-image\"><figure class=\"aligncenter size-large\"><img loading=\"lazy\" width=\"169\" height=\"180\" src=\"http:\/\/agnieszkakrawczyk.pl\/wp-content\/uploads\/2020\/03\/pieczatka.jpg\" alt=\"\" class=\"wp-image-946\"\/><\/figure><\/div>\n\n\n\n<hr class=\"wp-block-separator\"\/>\n\n\n\n<div class=\"wp-block-group\"><div class=\"wp-block-group__inner-container\">\n<p>Recenzje:<\/p>\n<\/div><\/div>\n\n\n\n<ul><li><a href=\"https:\/\/poczytajka594822357.wordpress.com\/2020\/06\/04\/zawsze-w-pore-agnieszka-krawczyk\/\">https:\/\/poczytajka594822357.wordpress.com\/2020\/06\/04\/zawsze-w-pore-agnieszka-krawczyk\/<\/a><\/li><li><a rel=\"noreferrer noopener\" aria-label=\"http:\/\/czytelnicza-dusza.blogspot.com\/2020\/06\/agnieszka-krawczyk-zawsze-w-pore.htm (otwiera si\u0119 na nowej zak\u0142adce)\" href=\"http:\/\/czytelnicza-dusza.blogspot.com\/2020\/06\/agnieszka-krawczyk-zawsze-w-pore.html\" target=\"_blank\">http:\/\/czytelnicza-dusza.blogspot.com\/2020\/06\/agnieszka-krawczyk-zawsze-w-pore.htm<\/a><a href=\"http:\/\/czytelnicza-dusza.blogspot.com\/2020\/06\/agnieszka-krawczyk-zawsze-w-pore.html\">l<\/a><\/li><li><a rel=\"noreferrer noopener\" aria-label=\"https:\/\/www.mojemaleczarowanie.pl\/2020\/07\/zawsze-w-pore-agnieszka-krawczyk.html (otwiera si\u0119 na nowej zak\u0142adce)\" href=\"https:\/\/www.mojemaleczarowanie.pl\/2020\/07\/zawsze-w-pore-agnieszka-krawczyk.html\" target=\"_blank\">https:\/\/www.mojemaleczarowanie.pl\/2020\/07\/zawsze-w-pore-agnieszka-krawczyk.html<\/a><\/li><li><a href=\"https:\/\/dropsksiazkowy.pl\/2020\/09\/06\/zawsze-w-pore-agnieszka-krawczyk\/\" target=\"_blank\" rel=\"noreferrer noopener\" aria-label=\"https:\/\/dropsksiazkowy.pl\/2020\/09\/06\/zawsze-w-pore-agnieszka-krawczyk\/ (otwiera si\u0119 na nowej zak\u0142adce)\">https:\/\/dropsksiazkowy.pl\/2020\/09\/06\/zawsze-w-pore-agnieszka-krawczyk\/<\/a><\/li><\/ul>\n\n\n\n<hr class=\"wp-block-separator\"\/>\n\n\n<p><script type=\"text\/javascript\" src=\"https:\/\/buybox.click\/js\/bb-widget.min.js\" async=\"\"><\/script><\/p>\n<div class=\"bb-widget\" id=\"buybox-ir3m\" data-bb-id=\"9776\" data-bb-oid=\"115422985\"><\/div>\n\n\n\n<hr class=\"wp-block-separator\"\/>\n","protected":false},"excerpt":{"rendered":"<p>Druga cz\u0119\u015b\u0107 sagi &#8222;Ulica Wierzbowa&#8222; Na ulicy Wierzbowej szcz\u0119\u015bliwe chwile splataj\u0105 si\u0119 z tymi trudnymi: mi\u0142o\u015b\u0107 z rozczarowaniem, rado\u015b\u0107 ze smutkiem. Ka\u017cdy z s\u0105siad\u00f3w musi si\u0119 zmierzy\u0107 z nie\u0142atwym wyzwaniem. Hanna Jawi\u0144ska staje na rozdro\u017cu. Razem z dzie\u0107mi opuszcza sw\u00f3j pi\u0119kny dom i przenosi si\u0119 do wilii pani Flory. Jak potoczy si\u0119 \u017cycie m\u0142odej kobiety? Czy otworzy si\u0119 na now\u0105&hellip;<\/p>\n","protected":false},"author":1,"featured_media":0,"parent":0,"menu_order":0,"comment_status":"open","ping_status":"closed","template":"","meta":[],"_links":{"self":[{"href":"http:\/\/agnieszkakrawczyk.pl\/index.php?rest_route=\/wp\/v2\/pages\/1044"}],"collection":[{"href":"http:\/\/agnieszkakrawczyk.pl\/index.php?rest_route=\/wp\/v2\/pages"}],"about":[{"href":"http:\/\/agnieszkakrawczyk.pl\/index.php?rest_route=\/wp\/v2\/types\/page"}],"author":[{"embeddable":true,"href":"http:\/\/agnieszkakrawczyk.pl\/index.php?rest_route=\/wp\/v2\/users\/1"}],"replies":[{"embeddable":true,"href":"http:\/\/agnieszkakrawczyk.pl\/index.php?rest_route=%2Fwp%2Fv2%2Fcomments&post=1044"}],"version-history":[{"count":6,"href":"http:\/\/agnieszkakrawczyk.pl\/index.php?rest_route=\/wp\/v2\/pages\/1044\/revisions"}],"predecessor-version":[{"id":1125,"href":"http:\/\/agnieszkakrawczyk.pl\/index.php?rest_route=\/wp\/v2\/pages\/1044\/revisions\/1125"}],"wp:attachment":[{"href":"http:\/\/agnieszkakrawczyk.pl\/index.php?rest_route=%2Fwp%2Fv2%2Fmedia&parent=1044"}],"curies":[{"name":"wp","href":"https:\/\/api.w.org\/{rel}","templated":true}]}}