{"id":1018,"date":"2020-03-05T17:18:40","date_gmt":"2020-03-05T17:18:40","guid":{"rendered":"http:\/\/agnieszkakrawczyk.pl\/?page_id=1018"},"modified":"2022-04-06T10:22:18","modified_gmt":"2022-04-06T10:22:18","slug":"najmilszy-prezent","status":"publish","type":"page","link":"http:\/\/agnieszkakrawczyk.pl\/?page_id=1018","title":{"rendered":"Najmilszy prezent"},"content":{"rendered":"\n<hr class=\"wp-block-separator\"\/>\n\n\n\n<p class=\"has-text-align-center\">Pierwsza cz\u0119\u015b\u0107 sagi <a href=\"http:\/\/agnieszkakrawczyk.pl\/?page_id=1107\">&#8222;Ulica Wierzbowa&#8221;<\/a><\/p>\n\n\n\n<div class=\"wp-block-image\"><figure class=\"aligncenter size-large\"><img loading=\"lazy\" width=\"230\" height=\"342\" src=\"http:\/\/agnieszkakrawczyk.pl\/wp-content\/uploads\/2020\/03\/najmilszy-prezent.jpg\" alt=\"\" class=\"wp-image-1026\" srcset=\"http:\/\/agnieszkakrawczyk.pl\/wp-content\/uploads\/2020\/03\/najmilszy-prezent.jpg 230w, http:\/\/agnieszkakrawczyk.pl\/wp-content\/uploads\/2020\/03\/najmilszy-prezent-202x300.jpg 202w\" sizes=\"(max-width: 230px) 100vw, 230px\" \/><\/figure><\/div>\n\n\n\n<p>Najmilsze prezenty to te niespodziewanie, przecie\u017c wiesz. Takie, na kt\u00f3re wcale nie liczysz, a one si\u0119 pojawiaj\u0105, jakby je kto\u015b wyczarowa\u0142.<\/p>\n\n\n\n<p>Przy ulicy Wierzbowej stoi dziewi\u0119\u0107 dom\u00f3w. Ka\u017cdy z mieszka\u0144c\u00f3w ma swoje troski, gn\u0119bi\u0105 go nierozwi\u0105zane problemy z przesz\u0142o\u015bci, czego\u015b si\u0119 boi i o czym\u015b skrycie marzy. Jest w\u015br\u00f3d nich Flora Majewska, dobry duch tej okolicy. Tegoroczne Bo\u017ce Narodzenie ma by\u0107 ostatnim, jakie sp\u0119dzi na Wierzbowej, bo uzna\u0142a, i\u017c stan zdrowia zmusza j\u0105 do wyprowadzki. Na po\u017cegnanie postanawia co\u015b podarowa\u0107 s\u0105siadom: osobisty list z konkretn\u0105 wskaz\u00f3wk\u0105 lub przestrog\u0105. Bo Flora wierzy w ludzi i wie, \u017ce czasami ma\u0142e zdarzenia, ciche s\u0142owa, drobny gest mog\u0105 zmieni\u0107 wszystko.<\/p>\n\n\n\n<p>Pe\u0142na uczu\u0107 i wzrusze\u0144 opowie\u015b\u0107 o tym, \u017ce \u015bwiat nas kocha, wystarczy tylko przystan\u0105\u0107 i ws\u0142ucha\u0107 si\u0119 w jego g\u0142os. Otworzy\u0107 si\u0119 na emocje i odwa\u017cy\u0107 si\u0119 czerpa\u0107 z \u017cycia pe\u0142nymi gar\u015bciami, nie ogl\u0105daj\u0105c si\u0119 za siebie.<\/p>\n\n\n\n<div class=\"wp-block-image\"><figure class=\"aligncenter size-large\"><img loading=\"lazy\" width=\"169\" height=\"180\" src=\"http:\/\/agnieszkakrawczyk.pl\/wp-content\/uploads\/2020\/03\/pieczatka.jpg\" alt=\"\" class=\"wp-image-946\"\/><\/figure><\/div>\n\n\n\n<hr class=\"wp-block-separator\"\/>\n\n\n\n<div class=\"wp-block-group\"><div class=\"wp-block-group__inner-container\">\n<p>Recenzje:<\/p>\n\n\n\n<ul><li><a href=\"https:\/\/dropsksiazkowy.pl\/2019\/11\/26\/najmilszy-prezent-agnieszka-krawczyk\/\">https:\/\/dropsksiazkowy.pl\/2019\/11\/2<\/a><a rel=\"noreferrer noopener\" aria-label=\"6 (otwiera si\u0119 na nowej zak\u0142adce)\" href=\"https:\/\/dropsksiazkowy.pl\/2019\/11\/26\/najmilszy-prezent-agnieszka-krawczyk\/\" target=\"_blank\">6<\/a><a href=\"https:\/\/dropsksiazkowy.pl\/2019\/11\/26\/najmilszy-prezent-agnieszka-krawczyk\/\">\/najmilszy-prezent-agnieszka-krawczyk\/<\/a><\/li><li><a rel=\"noreferrer noopener\" aria-label=\"http:\/\/www.czyt-nik.pl\/recenzje\/najmilszy-prezent-od-agnieszki-krawczyk\/ (otwiera si\u0119 na nowej zak\u0142adce)\" href=\"http:\/\/www.czyt-nik.pl\/recenzje\/najmilszy-prezent-od-agnieszki-krawczyk\/\" target=\"_blank\">http:\/\/www.czyt-nik.pl\/recenzje\/najmilszy-prezent-od-agnieszki-krawczyk\/<\/a><\/li><li><a rel=\"noreferrer noopener\" aria-label=\"http:\/\/recenzje-kiti.blogspot.com\/2019\/11\/najmilszy-prezent-agnieszka-krawczyk.html (otwiera si\u0119 na nowej zak\u0142adce)\" href=\"http:\/\/recenzje-kiti.blogspot.com\/2019\/11\/najmilszy-prezent-agnieszka-krawczyk.html\" target=\"_blank\">http:\/\/recenzje-kiti.blogspot.com\/2019\/11\/najmilszy-prezent-agnieszka-krawczyk.html<\/a><\/li><li><a href=\"http:\/\/ktoczytaksiazki-zyjepodwojnie.blogspot.com\/2019\/11\/najmilszy-prezent-agnieszka-krawczyk.html\" target=\"_blank\" rel=\"noreferrer noopener\" aria-label=\"http:\/\/ktoczytaksiazki-zyjepodwojnie.blogspot.com\/2019\/11\/najmilszy-prezent-agnieszka-krawczyk.html (otwiera si\u0119 na nowej zak\u0142adce)\">http:\/\/ktoczytaksiazki-zyjepodwojnie.blogspot.com\/2019\/11\/najmilszy-prezent-agnieszka-krawczyk.html<\/a><\/li><\/ul>\n<\/div><\/div>\n\n\n\n<hr class=\"wp-block-separator\"\/>\n\n\n<p><script type=\"text\/javascript\" src=\"https:\/\/buybox.click\/js\/bb-widget.min.js\" async=\"\"><\/script><\/p>\n<div class=\"bb-widget\" id=\"buybox-7s6a\" data-bb-id=\"9776\" data-bb-oid=\"95606076\"><\/div>\n\n\n\n<hr class=\"wp-block-separator\"\/>\n","protected":false},"excerpt":{"rendered":"<p>Pierwsza cz\u0119\u015b\u0107 sagi &#8222;Ulica Wierzbowa&#8221; Najmilsze prezenty to te niespodziewanie, przecie\u017c wiesz. Takie, na kt\u00f3re wcale nie liczysz, a one si\u0119 pojawiaj\u0105, jakby je kto\u015b wyczarowa\u0142. Przy ulicy Wierzbowej stoi dziewi\u0119\u0107 dom\u00f3w. Ka\u017cdy z mieszka\u0144c\u00f3w ma swoje troski, gn\u0119bi\u0105 go nierozwi\u0105zane problemy z przesz\u0142o\u015bci, czego\u015b si\u0119 boi i o czym\u015b skrycie marzy. Jest w\u015br\u00f3d nich Flora Majewska, dobry duch tej&hellip;<\/p>\n","protected":false},"author":1,"featured_media":0,"parent":0,"menu_order":0,"comment_status":"open","ping_status":"closed","template":"","meta":[],"_links":{"self":[{"href":"http:\/\/agnieszkakrawczyk.pl\/index.php?rest_route=\/wp\/v2\/pages\/1018"}],"collection":[{"href":"http:\/\/agnieszkakrawczyk.pl\/index.php?rest_route=\/wp\/v2\/pages"}],"about":[{"href":"http:\/\/agnieszkakrawczyk.pl\/index.php?rest_route=\/wp\/v2\/types\/page"}],"author":[{"embeddable":true,"href":"http:\/\/agnieszkakrawczyk.pl\/index.php?rest_route=\/wp\/v2\/users\/1"}],"replies":[{"embeddable":true,"href":"http:\/\/agnieszkakrawczyk.pl\/index.php?rest_route=%2Fwp%2Fv2%2Fcomments&post=1018"}],"version-history":[{"count":5,"href":"http:\/\/agnieszkakrawczyk.pl\/index.php?rest_route=\/wp\/v2\/pages\/1018\/revisions"}],"predecessor-version":[{"id":1127,"href":"http:\/\/agnieszkakrawczyk.pl\/index.php?rest_route=\/wp\/v2\/pages\/1018\/revisions\/1127"}],"wp:attachment":[{"href":"http:\/\/agnieszkakrawczyk.pl\/index.php?rest_route=%2Fwp%2Fv2%2Fmedia&parent=1018"}],"curies":[{"name":"wp","href":"https:\/\/api.w.org\/{rel}","templated":true}]}}