{"id":1016,"date":"2020-03-05T17:10:41","date_gmt":"2020-03-05T17:10:41","guid":{"rendered":"http:\/\/agnieszkakrawczyk.pl\/?page_id=1016"},"modified":"2020-03-05T17:10:42","modified_gmt":"2020-03-05T17:10:42","slug":"roza-wiatrow","status":"publish","type":"page","link":"http:\/\/agnieszkakrawczyk.pl\/?page_id=1016","title":{"rendered":"R\u00f3\u017ca wiatr\u00f3w"},"content":{"rendered":"\n<hr class=\"wp-block-separator\"\/>\n\n\n\n<p class=\"has-text-align-center\">Druga cz\u0119\u015b\u0107 sagi &#8222;Przyl\u0105dek wichr\u00f3w&#8221;<\/p>\n\n\n\n<div class=\"wp-block-image\"><figure class=\"aligncenter size-large\"><img loading=\"lazy\" width=\"230\" height=\"342\" src=\"http:\/\/agnieszkakrawczyk.pl\/wp-content\/uploads\/2020\/03\/roza_wiatrow.jpg\" alt=\"\" class=\"wp-image-1023\" srcset=\"http:\/\/agnieszkakrawczyk.pl\/wp-content\/uploads\/2020\/03\/roza_wiatrow.jpg 230w, http:\/\/agnieszkakrawczyk.pl\/wp-content\/uploads\/2020\/03\/roza_wiatrow-202x300.jpg 202w\" sizes=\"(max-width: 230px) 100vw, 230px\" \/><\/figure><\/div>\n\n\n\n<p>W \u017cyciu nie zawsze uk\u0142ada si\u0119 tak, jak sobie wy\u015bnili\u015bmy w marzeniach. Matylda Radwan wraca nad morze pe\u0142na nadziei na nowy zwi\u0105zek. Pomi\u0119dzy ni\u0105 a archeologiem \u0141ukaszem Rokickim co\u015b si\u0119 jednak psuje. Kobieta gubi si\u0119 w domys\u0142ach, co mo\u017ce by\u0107 tego powodem. Nie ma poj\u0119cia, \u017ce ukochany ukrywa przed ni\u0105 pewien sekret\u2026 Tak\u017ce we dworze w Drozdowie wszystko si\u0119 nagle komplikuje. Pojawia si\u0119 zagadkowy cz\u0142owiek, kt\u00f3rego zamiary nie s\u0105 do ko\u0144ca jasne dla w\u0142a\u015bcicielki, Anity Orontowicz. Trudno rozstrzygn\u0105\u0107, czy przybysz chce jej pom\u00f3c, czy wr\u0119cz przeciwnie \u2013 bardzo zaszkodzi\u0107. Spokoju nie mo\u017ce znale\u017a\u0107 te\u017c Ola, wci\u0105\u017c czekaj\u0105ca na matk\u0119. Czy jej nadzieje nie zostan\u0105 zawiedzione?<br>\n\u201eR\u00f3\u017ca wiatr\u00f3w\u201d, to pe\u0142na emocji opowie\u015b\u0107 o pragnieniu mi\u0142o\u015bci i zrozumienia, oraz o pr\u00f3bie dotarcia do samego siebie. Cz\u0119sto b\u0142\u0105kamy si\u0119 po bezdro\u017cach naszych uczu\u0107, szukaj\u0105c kompasu. Serce jest jednak najlepszym doradc\u0105 i ono z pewno\u015bci\u0105 wska\u017ce w\u0142a\u015bciwy kierunek. Warto zas\u0142ucha\u0107 si\u0119 w szum morza, poczu\u0107 \u015bwie\u017co\u015b\u0107 bryzy i da\u0107 si\u0119 ponie\u015b\u0107 opowie\u015bci o ludziach, kt\u00f3rzy staraj\u0105 si\u0119 zrozumie\u0107, co jest dla nich najwa\u017cniejsze, i o co warto walczy\u0107.<\/p>\n\n\n\n<div class=\"wp-block-image\"><figure class=\"aligncenter size-large\"><img loading=\"lazy\" width=\"169\" height=\"180\" src=\"http:\/\/agnieszkakrawczyk.pl\/wp-content\/uploads\/2020\/03\/pieczatka.jpg\" alt=\"\" class=\"wp-image-946\"\/><\/figure><\/div>\n\n\n\n<hr class=\"wp-block-separator\"\/>\n\n\n\n<div class=\"wp-block-group\"><div class=\"wp-block-group__inner-container\">\n<p>Recenzje:<\/p>\n\n\n\n<ul><li><a rel=\"noreferrer noopener\" aria-label=\"http:\/\/ukatji.blogspot.com\/2019\/09\/roza-wiatrow-agnieszka-krawczyk.html (otwiera si\u0119 na nowej zak\u0142adce)\" href=\"http:\/\/ukatji.blogspot.com\/2019\/09\/roza-wiatrow-agnieszka-krawczyk.html\" target=\"_blank\">http:\/\/ukatji.blogspot.com\/2019\/09\/roza-wiatrow-agnieszka-krawczyk.html<\/a><\/li><li><a rel=\"noreferrer noopener\" aria-label=\"https:\/\/katarzynastec.wordpress.com\/2019\/09\/24\/roza-wiatrow-agnieszka-krawczyk-recenzja\/ (otwiera si\u0119 na nowej zak\u0142adce)\" href=\"https:\/\/katarzynastec.wordpress.com\/2019\/09\/24\/roza-wiatrow-agnieszka-krawczyk-recenzja\/\" target=\"_blank\">https:\/\/katarzynastec.wordpress.com\/2019\/09\/24\/roza-wiatrow-agnieszka-krawczyk-recenzja\/<\/a><\/li><li><a rel=\"noreferrer noopener\" aria-label=\"https:\/\/papierowybluszcz.wordpress.com\/2019\/09\/26\/roza-wiatrow-agnieszka-krawczyk\/ (otwiera si\u0119 na nowej zak\u0142adce)\" href=\"https:\/\/papierowybluszcz.wordpress.com\/2019\/09\/26\/roza-wiatrow-agnieszka-krawczyk\/\" target=\"_blank\">https:\/\/papierowybluszcz.wordpress.com\/2019\/09\/26\/roza-wiatrow-agnieszka-krawczyk\/<\/a><\/li><li><a href=\"http:\/\/obydwiezaczytane.blogspot.com\/2019\/09\/roza-wiatrow-agnieszka-krawczyk-1042019.html\" target=\"_blank\" rel=\"noreferrer noopener\" aria-label=\"http:\/\/obydwiezaczytane.blogspot.com\/2019\/09\/roza-wiatrow-agnieszka-krawczyk-1042019.html (otwiera si\u0119 na nowej zak\u0142adce)\">http:\/\/obydwiezaczytane.blogspot.com\/2019\/09\/roza-wiatrow-agnieszka-krawczyk-1042019.html<\/a><\/li><\/ul>\n<\/div><\/div>\n\n\n\n<hr class=\"wp-block-separator\"\/>\n\n\n<p><script type=\"text\/javascript\" src=\"https:\/\/buybox.click\/js\/bb-widget.min.js\" async=\"\"><\/script><\/p>\n<div class=\"bb-widget\" id=\"buybox-5l0j\" data-bb-id=\"9776\" data-bb-oid=\"85681190\" ><\/div>\n\n\n\n<p> Audiobook dost\u0119pny r\u00f3wnie\u017c online w serwisach <a rel=\"noreferrer noopener\" href=\"http:\/\/www.storytel.pl\" target=\"_blank\">Storytel<\/a> i <a rel=\"noreferrer noopener\" href=\"http:\/\/www.audioteka.com\" target=\"_blank\">Audioteka<\/a>. <\/p>\n\n\n\n<p>Ksi\u0105\u017cka opr\u00f3cz zwyk\u0142ego wydania jest dost\u0119pna r\u00f3wnie\u017c w formacie \nWielkie Litery (ze specjaln\u0105 czcionk\u0105, sk\u0142adem i kontrastem, kt\u00f3re \nu\u0142atwiaj\u0105 czytanie m.in. osobom s\u0142abowidz\u0105cym oraz seniorom), oraz w \nformacie kieszonkowym.<\/p>\n\n\n\n<hr class=\"wp-block-separator\"\/>\n","protected":false},"excerpt":{"rendered":"<p>Druga cz\u0119\u015b\u0107 sagi &#8222;Przyl\u0105dek wichr\u00f3w&#8221; W \u017cyciu nie zawsze uk\u0142ada si\u0119 tak, jak sobie wy\u015bnili\u015bmy w marzeniach. Matylda Radwan wraca nad morze pe\u0142na nadziei na nowy zwi\u0105zek. Pomi\u0119dzy ni\u0105 a archeologiem \u0141ukaszem Rokickim co\u015b si\u0119 jednak psuje. Kobieta gubi si\u0119 w domys\u0142ach, co mo\u017ce by\u0107 tego powodem. Nie ma poj\u0119cia, \u017ce ukochany ukrywa przed ni\u0105 pewien sekret\u2026 Tak\u017ce we dworze&hellip;<\/p>\n","protected":false},"author":1,"featured_media":0,"parent":0,"menu_order":0,"comment_status":"open","ping_status":"closed","template":"","meta":[],"_links":{"self":[{"href":"http:\/\/agnieszkakrawczyk.pl\/index.php?rest_route=\/wp\/v2\/pages\/1016"}],"collection":[{"href":"http:\/\/agnieszkakrawczyk.pl\/index.php?rest_route=\/wp\/v2\/pages"}],"about":[{"href":"http:\/\/agnieszkakrawczyk.pl\/index.php?rest_route=\/wp\/v2\/types\/page"}],"author":[{"embeddable":true,"href":"http:\/\/agnieszkakrawczyk.pl\/index.php?rest_route=\/wp\/v2\/users\/1"}],"replies":[{"embeddable":true,"href":"http:\/\/agnieszkakrawczyk.pl\/index.php?rest_route=%2Fwp%2Fv2%2Fcomments&post=1016"}],"version-history":[{"count":2,"href":"http:\/\/agnieszkakrawczyk.pl\/index.php?rest_route=\/wp\/v2\/pages\/1016\/revisions"}],"predecessor-version":[{"id":1024,"href":"http:\/\/agnieszkakrawczyk.pl\/index.php?rest_route=\/wp\/v2\/pages\/1016\/revisions\/1024"}],"wp:attachment":[{"href":"http:\/\/agnieszkakrawczyk.pl\/index.php?rest_route=%2Fwp%2Fv2%2Fmedia&parent=1016"}],"curies":[{"name":"wp","href":"https:\/\/api.w.org\/{rel}","templated":true}]}}