{"id":1014,"date":"2020-03-05T17:02:56","date_gmt":"2020-03-05T17:02:56","guid":{"rendered":"http:\/\/agnieszkakrawczyk.pl\/?page_id=1014"},"modified":"2020-03-05T17:02:56","modified_gmt":"2020-03-05T17:02:56","slug":"lato-wsrod-wydm","status":"publish","type":"page","link":"http:\/\/agnieszkakrawczyk.pl\/?page_id=1014","title":{"rendered":"Lato w\u015br\u00f3d wydm"},"content":{"rendered":"\n<hr class=\"wp-block-separator\"\/>\n\n\n\n<p class=\"has-text-align-center\">Pierwsza cz\u0119\u015b\u0107 sagi &#8222;Przyl\u0105dek wichr\u00f3w&#8221;<\/p>\n\n\n\n<div class=\"wp-block-image\"><figure class=\"aligncenter size-large\"><img loading=\"lazy\" width=\"230\" height=\"342\" src=\"http:\/\/agnieszkakrawczyk.pl\/wp-content\/uploads\/2020\/03\/lato_wsrod_wydm.jpg\" alt=\"\" class=\"wp-image-1020\" srcset=\"http:\/\/agnieszkakrawczyk.pl\/wp-content\/uploads\/2020\/03\/lato_wsrod_wydm.jpg 230w, http:\/\/agnieszkakrawczyk.pl\/wp-content\/uploads\/2020\/03\/lato_wsrod_wydm-202x300.jpg 202w\" sizes=\"(max-width: 230px) 100vw, 230px\" \/><\/figure><\/div>\n\n\n\n<p>Ma\u0142y bia\u0142y domek nad morzem, kt\u00f3\u017c o nim nie marzy\u0142?<\/p>\n\n\n\n<p>Specjalistka od aran\u017cowania nieruchomo\u015bci na sprzeda\u017c, Matylda Radwan, ma twardy orzech do zgryzienia \u2013 tego domu akurat nikt nie chce kupi\u0107. W ci\u0105gu kilku letnich tygodni musi dokona\u0107 ca\u0142kowitej metamorfozy. Nie spodziewa si\u0119, \u017ce zmiany dotkn\u0105 r\u00f3wnie\u017c jej \u017cycia, w kt\u00f3rym pojawi\u0105 si\u0119 zwariowany autostopowicz, przystojny archeolog poszukuj\u0105cy skarb\u00f3w we wrakach statk\u00f3w i tajemnicza m\u0142oda dziewczyna, t\u0119skni\u0105ca za swoj\u0105 matk\u0105. Ich drogi przetn\u0105 si\u0119 na pla\u017cy po\u015br\u00f3d wydm, a spotkanie zaowocuje czym\u015b wi\u0119cej ni\u017c tylko letni\u0105 przelotn\u0105 znajomo\u015bci\u0105.<\/p>\n\n\n\n<p>Urocza, pe\u0142na s\u0142o\u0144ca opowie\u015b\u0107 o oczekiwaniu, marzeniach i wielkich nadziejach, kt\u00f3re nosimy w sercu, czasami boj\u0105c si\u0119 do nich przyzna\u0107. A \u017cycie potrafi nas zaskoczy\u0107 najbardziej niezwyk\u0142ym rozwi\u0105zaniem\u2026<\/p>\n\n\n\n<div class=\"wp-block-image\"><figure class=\"aligncenter size-large\"><img loading=\"lazy\" width=\"169\" height=\"180\" src=\"http:\/\/agnieszkakrawczyk.pl\/wp-content\/uploads\/2020\/03\/pieczatka.jpg\" alt=\"\" class=\"wp-image-946\"\/><\/figure><\/div>\n\n\n\n<hr class=\"wp-block-separator\"\/>\n\n\n\n<div class=\"wp-block-group\"><div class=\"wp-block-group__inner-container\">\n<p>Recenzje:<\/p>\n\n\n\n<ul><li><a rel=\"noreferrer noopener\" aria-label=\" (otwiera si\u0119 na nowej zak\u0142adce)\" href=\"http:\/\/przystanekszczescia.blogspot.com\/2019\/07\/lato-wsrod-wydm-agnieszka-krawczyk.html\" target=\"_blank\">http:\/\/przystanekszczescia.blogspot.com\/2019\/07\/lato-wsrod-wydm-agnieszka-krawczyk.html<\/a><\/li><li><a href=\"http:\/\/www.recenzjezpazurem.pl\/2019\/09\/lato-wsrod-wydm-agnieszka-krawczyk.html\" target=\"_blank\" rel=\"noreferrer noopener\" aria-label=\"http:\/\/www.recenzjezpazurem.pl\/2019\/09\/lato-wsrod-wydm-agnieszka-krawczyk.html (otwiera si\u0119 na nowej zak\u0142adce)\">http:\/\/www.recenzjezpazurem.pl\/2019\/09\/lato-wsrod-wydm-agnieszka-krawczyk.html<\/a><\/li><li><a href=\"https:\/\/przeczytajka.blogspot.com\/2019\/08\/lato-wsrod-wydm-agnieszka-krawczyk.html\" target=\"_blank\" rel=\"noreferrer noopener\" aria-label=\" (otwiera si\u0119 na nowej zak\u0142adce)\">https:\/\/przeczytajka.blogspot.com\/2019\/08\/lato-wsrod-wydm-agnieszka-krawczyk.html<\/a><\/li><\/ul>\n<\/div><\/div>\n\n\n\n<hr class=\"wp-block-separator\"\/>\n\n\n<p><script type=\"text\/javascript\" src=\"https:\/\/buybox.click\/js\/bb-widget.min.js\" async=\"\"><\/script><\/p>\n<div class=\"bb-widget\" id=\"buybox-oay0\" data-bb-id=\"9776\" data-bb-oid=\"79239293\" ><\/div>\n\n\n\n<p> Audiobook dost\u0119pny r\u00f3wnie\u017c online w serwisach <a rel=\"noreferrer noopener\" href=\"http:\/\/www.storytel.pl\" target=\"_blank\">Storytel<\/a> i <a rel=\"noreferrer noopener\" href=\"http:\/\/www.audioteka.com\" target=\"_blank\">Audioteka<\/a>. <\/p>\n\n\n\n<p>Ksi\u0105\u017cka opr\u00f3cz zwyk\u0142ego wydania jest dost\u0119pna r\u00f3wnie\u017c w formacie \nWielkie Litery (ze specjaln\u0105 czcionk\u0105, sk\u0142adem i kontrastem, kt\u00f3re \nu\u0142atwiaj\u0105 czytanie m.in. osobom s\u0142abowidz\u0105cym oraz seniorom), oraz w \nformacie kieszonkowym.<\/p>\n\n\n\n<hr class=\"wp-block-separator\"\/>\n","protected":false},"excerpt":{"rendered":"<p>Pierwsza cz\u0119\u015b\u0107 sagi &#8222;Przyl\u0105dek wichr\u00f3w&#8221; Ma\u0142y bia\u0142y domek nad morzem, kt\u00f3\u017c o nim nie marzy\u0142? Specjalistka od aran\u017cowania nieruchomo\u015bci na sprzeda\u017c, Matylda Radwan, ma twardy orzech do zgryzienia \u2013 tego domu akurat nikt nie chce kupi\u0107. W ci\u0105gu kilku letnich tygodni musi dokona\u0107 ca\u0142kowitej metamorfozy. Nie spodziewa si\u0119, \u017ce zmiany dotkn\u0105 r\u00f3wnie\u017c jej \u017cycia, w kt\u00f3rym pojawi\u0105 si\u0119 zwariowany autostopowicz,&hellip;<\/p>\n","protected":false},"author":1,"featured_media":0,"parent":0,"menu_order":0,"comment_status":"open","ping_status":"closed","template":"","meta":[],"_links":{"self":[{"href":"http:\/\/agnieszkakrawczyk.pl\/index.php?rest_route=\/wp\/v2\/pages\/1014"}],"collection":[{"href":"http:\/\/agnieszkakrawczyk.pl\/index.php?rest_route=\/wp\/v2\/pages"}],"about":[{"href":"http:\/\/agnieszkakrawczyk.pl\/index.php?rest_route=\/wp\/v2\/types\/page"}],"author":[{"embeddable":true,"href":"http:\/\/agnieszkakrawczyk.pl\/index.php?rest_route=\/wp\/v2\/users\/1"}],"replies":[{"embeddable":true,"href":"http:\/\/agnieszkakrawczyk.pl\/index.php?rest_route=%2Fwp%2Fv2%2Fcomments&post=1014"}],"version-history":[{"count":2,"href":"http:\/\/agnieszkakrawczyk.pl\/index.php?rest_route=\/wp\/v2\/pages\/1014\/revisions"}],"predecessor-version":[{"id":1021,"href":"http:\/\/agnieszkakrawczyk.pl\/index.php?rest_route=\/wp\/v2\/pages\/1014\/revisions\/1021"}],"wp:attachment":[{"href":"http:\/\/agnieszkakrawczyk.pl\/index.php?rest_route=%2Fwp%2Fv2%2Fmedia&parent=1014"}],"curies":[{"name":"wp","href":"https:\/\/api.w.org\/{rel}","templated":true}]}}